{"id":6687,"date":"2022-05-19T07:04:22","date_gmt":"2022-05-19T06:04:22","guid":{"rendered":"https:\/\/ljubljanapride.org\/2022\/lgbtiq-pobude-od-gorickega-do-pirana\/"},"modified":"2022-05-19T07:17:49","modified_gmt":"2022-05-19T06:17:49","slug":"lgbtiq-initiatives-from-goricko-to-piran","status":"publish","type":"page","link":"https:\/\/ljubljanapride.org\/2022\/en\/lgbtiq-initiatives-from-goricko-to-piran\/","title":{"rendered":"LGBTIQ+ initiatives from Gori\u010dko to Piran"},"content":{"rendered":"<p>[et_pb_section fb_built=&#8221;1&#8243; _builder_version=&#8221;4.14.8&#8243; _module_preset=&#8221;default&#8221; background_color=&#8221;#FFFFFF&#8221; global_colors_info=&#8221;{}&#8221;][et_pb_row column_structure=&#8221;1_2,1_2&#8243; _builder_version=&#8221;4.14.8&#8243; _module_preset=&#8221;default&#8221; custom_padding=&#8221;0px||0px||false|false&#8221; global_colors_info=&#8221;{}&#8221;][et_pb_column type=&#8221;1_2&#8243; _builder_version=&#8221;4.14.8&#8243; _module_preset=&#8221;default&#8221; global_colors_info=&#8221;{}&#8221;][et_pb_text _builder_version=&#8221;4.14.8&#8243; _module_preset=&#8221;default&#8221; link_font=&#8221;bigjohn||||on|||#c02a69|&#8221; link_text_color=&#8221;#c02a69&#8243; link_font_size=&#8221;16px&#8221; hover_enabled=&#8221;0&#8243; global_colors_info=&#8221;{}&#8221; sticky_enabled=&#8221;0&#8243;]<\/p>\n<p style=\"text-align: left;\"><a href=\"https:\/\/ljubljanapride.org\/2022\/en\/maze-of-expressions\/\">\u2190Previous event<\/a><\/p>\n<p>[\/et_pb_text][\/et_pb_column][et_pb_column type=&#8221;1_2&#8243; _builder_version=&#8221;4.14.8&#8243; _module_preset=&#8221;default&#8221; global_colors_info=&#8221;{}&#8221;][et_pb_text _builder_version=&#8221;4.14.8&#8243; _module_preset=&#8221;default&#8221; link_font=&#8221;bigjohn||||on|||#c02a69|&#8221; link_text_color=&#8221;#c02a69&#8243; link_font_size=&#8221;16px&#8221; hover_enabled=&#8221;0&#8243; global_colors_info=&#8221;{}&#8221; sticky_enabled=&#8221;0&#8243;]<\/p>\n<p style=\"text-align: right;\"><a href=\"https:\/\/ljubljanapride.org\/2022\/en\/minority-stress-and-mental-health-in-minority-groups\/\">Next event \u2192<\/a><\/p>\n<p>[\/et_pb_text][\/et_pb_column][\/et_pb_row][et_pb_row _builder_version=&#8221;4.14.8&#8243; _module_preset=&#8221;default&#8221; global_colors_info=&#8221;{}&#8221;][et_pb_column type=&#8221;4_4&#8243; _builder_version=&#8221;4.14.8&#8243; _module_preset=&#8221;default&#8221; global_colors_info=&#8221;{}&#8221;][et_pb_image src=&#8221;https:\/\/ljubljanapride.org\/2022\/wp-content\/uploads\/2022\/05\/LGBTIQ-pobude_fb-scaled.jpg&#8221; title_text=&#8221;LGBTIQ+ pobude_fb&#8221; _builder_version=&#8221;4.14.8&#8243; _module_preset=&#8221;default&#8221; box_shadow_style=&#8221;preset1&#8243; global_colors_info=&#8221;{}&#8221;][\/et_pb_image][\/et_pb_column][\/et_pb_row][et_pb_row _builder_version=&#8221;4.14.8&#8243; _module_preset=&#8221;default&#8221; global_colors_info=&#8221;{}&#8221;][et_pb_column type=&#8221;4_4&#8243; _builder_version=&#8221;4.14.8&#8243; _module_preset=&#8221;default&#8221; global_colors_info=&#8221;{}&#8221;][et_pb_text _builder_version=&#8221;4.14.8&#8243; _module_preset=&#8221;default&#8221; header_3_font=&#8221;bigjohn||||||||&#8221; hover_enabled=&#8221;0&#8243; border_width_bottom=&#8221;4px&#8221; border_color_bottom=&#8221;#c02a69&#8243; global_colors_info=&#8221;{}&#8221; sticky_enabled=&#8221;0&#8243;]<\/p>\n<h1 style=\"text-align: center;\">LGBTIQ+ INITIATIVES FROM GORI\u010cKO TO PIRAN<\/h1>\n<h3 style=\"text-align: center;\">round table and networking<\/h3>\n<p>[\/et_pb_text][\/et_pb_column][\/et_pb_row][et_pb_row column_structure=&#8221;1_2,1_2&#8243; _builder_version=&#8221;4.14.8&#8243; _module_preset=&#8221;default&#8221; global_colors_info=&#8221;{}&#8221;][et_pb_column type=&#8221;1_2&#8243; _builder_version=&#8221;4.14.8&#8243; _module_preset=&#8221;default&#8221; global_colors_info=&#8221;{}&#8221;][et_pb_blurb title=&#8221;6. 6. 2022, 19:00\u201321:00&#8243; use_icon=&#8221;on&#8221; font_icon=&#8221;&#xf017;||fa||900&#8243; icon_color=&#8221;#c02a69&#8243; image_icon_width=&#8221;55px&#8221; _builder_version=&#8221;4.14.8&#8243; _module_preset=&#8221;default&#8221; header_font=&#8221;bigjohn||||||||&#8221; header_text_align=&#8221;center&#8221; hover_enabled=&#8221;0&#8243; global_colors_info=&#8221;{}&#8221; sticky_enabled=&#8221;0&#8243;][\/et_pb_blurb][\/et_pb_column][et_pb_column type=&#8221;1_2&#8243; _builder_version=&#8221;4.14.8&#8243; _module_preset=&#8221;default&#8221; global_colors_info=&#8221;{}&#8221;][et_pb_blurb title=&#8221;Pritli\u010dje (Mestni trg 2, Ljubljana)&#8221; use_icon=&#8221;on&#8221; font_icon=&#8221;&#xf3c5;||fa||900&#8243; icon_color=&#8221;#c02a69&#8243; image_icon_width=&#8221;55px&#8221; _builder_version=&#8221;4.14.8&#8243; _module_preset=&#8221;default&#8221; header_font=&#8221;bigjohn||||||||&#8221; header_text_align=&#8221;center&#8221; global_colors_info=&#8221;{}&#8221;][\/et_pb_blurb][\/et_pb_column][\/et_pb_row][et_pb_row _builder_version=&#8221;4.14.8&#8243; _module_preset=&#8221;default&#8221; global_colors_info=&#8221;{}&#8221;][et_pb_column type=&#8221;4_4&#8243; _builder_version=&#8221;4.14.8&#8243; _module_preset=&#8221;default&#8221; global_colors_info=&#8221;{}&#8221;][et_pb_text _builder_version=&#8221;4.14.8&#8243; _module_preset=&#8221;default&#8221; text_font_size=&#8221;16px&#8221; hover_enabled=&#8221;0&#8243; global_colors_info=&#8221;{}&#8221; sticky_enabled=&#8221;0&#8243;]<\/p>\n<p style=\"text-align: center;\">Event will be held in Slovene.<\/p>\n<p style=\"text-align: center;\">In cooperation with lgbt_zasavje (Instagram profile), the Beg film crew, Koro\u0161ka Pride, Maribor skozi ro\u017enata o\u010dala, Zagorje ob Savi Youth Centre, GO! 2025.<\/p>\n<p style=\"text-align: justify;\">The event will open up space for the decentralisation of the LGBTIQ+ community. In recent years, we have witnessed Pride parades being organised in Maribor and Slovenj Gradec, and last year we marched in the first cross-border parade between Gorizia (IT) and Nova Gorica (SI). New LGBTIQ+ initiatives have started to emerge, especially on social media, made up of young LGBTIQ+ people who want to focus on their local environments and the needs of LGBTIQ+ people living there. How do such initiatives get started? What is the main reason for this? How to deal with the opponents and hate speech and what role does the community play as a supportive link in this type of action? During the event, you will have the opportunity to hear answers to these and similar questions from various initiatives around Slovenia, each presenting their work and vision. Afterwards, visitors will have the opportunity to network with them, make joint plans, hang out and spend the evening together. Everyone in the LGBTIQ+ community who is interested in this topic, everyone wishing to connect with local initiatives in their own work and everyone wanting to start their own initiative are welcome.<\/p>\n<p style=\"text-align: justify;\">*<strong>lgbt_Zasavje<\/strong> is an Instagram profile currently run by Dominika Zupan, who wants to use her profile to make the world a fairer and kinder place.<\/p>\n<p style=\"text-align: justify;\">*The short film <strong>Run<\/strong>, which is about a young girl Trina who is struggling with her sexual orientation and her non-accepting environment, is the work of a<strong> young film crew<\/strong> of high school students from the \u0160tajerska region. Directed by high school student Eva Tergu\u0161ek, the film was shot in the area of Maribor and Selnica ob Dravi.<\/p>\n<p style=\"text-align: justify;\">*<strong>The Koro\u0161ka Pride Institute<\/strong> is made up of young LGBTIQ+ people who want to create a safe space for LGBTIQ+ people in the Koro\u0161ka region. Their aim is also to raise awareness about LGBTIQ+ issues in rural areas rather than flee to Ljubljana, thus providing a safer environment for LGBTIQ+ people who want to stay in their hometown.<\/p>\n<p style=\"text-align: justify;\">*<strong>Maribor skozi ro\u017enata o\u010dala (Maribor through rose-tinted glasses)<\/strong> is a long-running programme of the Maribor Youth Cultural Centre and is the only regular programme in \u0160tajerska that addresses LGBTIQ+ issues. Since 2019, the programme team has also been organising the Maribor Pride Parade.<\/p>\n<p style=\"text-align: justify;\">*In April this year, the <strong>Youth Centre Zagorje ob Savi<\/strong> started the Rainbow Gathering for young people and the young at heart, which is aimed at LGBTQIA+ people and those exploring their sexual orientation and\/or gender identity. The group is run by Tanja Veber, a youth worker at heart and by experience, a Maribor resident and member of the LGBTQIA+ community.<\/p>\n<p style=\"text-align: justify;\">*<strong>Kaja \u0160irok, Project Manager of the European Capital of Culture \u2013 GO! 2025<\/strong>, was closely involved in the organisation of the Gorizia-Nova Gorica Pride Parade in 2021. She is currently working on the European Capital of Culture \u2013 GO! 2025 project and is committed to a tolerant and diverse municipality.<\/p>\n<p>[\/et_pb_text][\/et_pb_column][\/et_pb_row][\/et_pb_section]<\/p>\n","protected":false},"excerpt":{"rendered":"<p>\u2190Previous eventNext event \u2192LGBTIQ+ INITIATIVES FROM GORI\u010cKO TO PIRAN round table and networkingEvent will be held in Slovene. In cooperation with lgbt_zasavje (Instagram profile), the Beg film crew, Koro\u0161ka Pride, [&hellip;]<\/p>\n","protected":false},"author":1,"featured_media":6682,"parent":0,"menu_order":0,"comment_status":"closed","ping_status":"closed","template":"","meta":{"_et_pb_use_builder":"on","_et_pb_old_content":"","_et_gb_content_width":""},"yoast_head":"<!-- This site is optimized with the Yoast SEO plugin v20.3 - https:\/\/yoast.com\/wordpress\/plugins\/seo\/ -->\n<title>LGBTIQ+ initiatives from Gori\u010dko to Piran - Ljubljana Pride 2022<\/title>\n<meta name=\"robots\" content=\"index, follow, max-snippet:-1, max-image-preview:large, max-video-preview:-1\" \/>\n<link rel=\"canonical\" href=\"https:\/\/ljubljanapride.org\/2022\/en\/lgbtiq-initiatives-from-goricko-to-piran\/\" \/>\n<meta property=\"og:locale\" content=\"en_US\" \/>\n<meta property=\"og:type\" content=\"article\" \/>\n<meta property=\"og:title\" content=\"LGBTIQ+ initiatives from Gori\u010dko to Piran - Ljubljana Pride 2022\" \/>\n<meta property=\"og:description\" content=\"\u2190Previous eventNext event \u2192LGBTIQ+ INITIATIVES FROM GORI\u010cKO TO PIRAN round table and networkingEvent will be held in Slovene. In cooperation with lgbt_zasavje (Instagram profile), the Beg film crew, Koro\u0161ka Pride, [&hellip;]\" \/>\n<meta property=\"og:url\" content=\"https:\/\/ljubljanapride.org\/2022\/en\/lgbtiq-initiatives-from-goricko-to-piran\/\" \/>\n<meta property=\"og:site_name\" content=\"Ljubljana Pride 2022\" \/>\n<meta property=\"article:modified_time\" content=\"2022-05-19T06:17:49+00:00\" \/>\n<meta property=\"og:image\" content=\"https:\/\/ljubljanapride.org\/2022\/wp-content\/uploads\/2022\/05\/LGBTIQ-pobude_fb-scaled.jpg\" \/>\n\t<meta property=\"og:image:width\" content=\"2560\" \/>\n\t<meta property=\"og:image:height\" content=\"1340\" \/>\n\t<meta property=\"og:image:type\" content=\"image\/jpeg\" \/>\n<meta name=\"twitter:card\" content=\"summary_large_image\" \/>\n<meta name=\"twitter:label1\" content=\"Est. reading time\" \/>\n\t<meta name=\"twitter:data1\" content=\"4 minutes\" \/>\n<script type=\"application\/ld+json\" class=\"yoast-schema-graph\">{\"@context\":\"https:\/\/schema.org\",\"@graph\":[{\"@type\":\"WebPage\",\"@id\":\"https:\/\/ljubljanapride.org\/2022\/en\/lgbtiq-initiatives-from-goricko-to-piran\/\",\"url\":\"https:\/\/ljubljanapride.org\/2022\/en\/lgbtiq-initiatives-from-goricko-to-piran\/\",\"name\":\"LGBTIQ+ initiatives from Gori\u010dko to Piran - Ljubljana Pride 2022\",\"isPartOf\":{\"@id\":\"https:\/\/ljubljanapride.org\/2022\/#website\"},\"datePublished\":\"2022-05-19T06:04:22+00:00\",\"dateModified\":\"2022-05-19T06:17:49+00:00\",\"breadcrumb\":{\"@id\":\"https:\/\/ljubljanapride.org\/2022\/en\/lgbtiq-initiatives-from-goricko-to-piran\/#breadcrumb\"},\"inLanguage\":\"en-US\",\"potentialAction\":[{\"@type\":\"ReadAction\",\"target\":[\"https:\/\/ljubljanapride.org\/2022\/en\/lgbtiq-initiatives-from-goricko-to-piran\/\"]}]},{\"@type\":\"BreadcrumbList\",\"@id\":\"https:\/\/ljubljanapride.org\/2022\/en\/lgbtiq-initiatives-from-goricko-to-piran\/#breadcrumb\",\"itemListElement\":[{\"@type\":\"ListItem\",\"position\":1,\"name\":\"Home\",\"item\":\"https:\/\/ljubljanapride.org\/2022\/en\/\"},{\"@type\":\"ListItem\",\"position\":2,\"name\":\"LGBTIQ+ initiatives from Gori\u010dko to Piran\"}]},{\"@type\":\"WebSite\",\"@id\":\"https:\/\/ljubljanapride.org\/2022\/#website\",\"url\":\"https:\/\/ljubljanapride.org\/2022\/\",\"name\":\"Ljubljana Pride 2022\",\"description\":\"\u010cas je za mavri\u010dni glas\",\"potentialAction\":[{\"@type\":\"SearchAction\",\"target\":{\"@type\":\"EntryPoint\",\"urlTemplate\":\"https:\/\/ljubljanapride.org\/2022\/?s={search_term_string}\"},\"query-input\":\"required name=search_term_string\"}],\"inLanguage\":\"en-US\"}]}<\/script>\n<!-- \/ Yoast SEO plugin. -->","yoast_head_json":{"title":"LGBTIQ+ initiatives from Gori\u010dko to Piran - Ljubljana Pride 2022","robots":{"index":"index","follow":"follow","max-snippet":"max-snippet:-1","max-image-preview":"max-image-preview:large","max-video-preview":"max-video-preview:-1"},"canonical":"https:\/\/ljubljanapride.org\/2022\/en\/lgbtiq-initiatives-from-goricko-to-piran\/","og_locale":"en_US","og_type":"article","og_title":"LGBTIQ+ initiatives from Gori\u010dko to Piran - Ljubljana Pride 2022","og_description":"\u2190Previous eventNext event \u2192LGBTIQ+ INITIATIVES FROM GORI\u010cKO TO PIRAN round table and networkingEvent will be held in Slovene. In cooperation with lgbt_zasavje (Instagram profile), the Beg film crew, Koro\u0161ka Pride, [&hellip;]","og_url":"https:\/\/ljubljanapride.org\/2022\/en\/lgbtiq-initiatives-from-goricko-to-piran\/","og_site_name":"Ljubljana Pride 2022","article_modified_time":"2022-05-19T06:17:49+00:00","og_image":[{"width":2560,"height":1340,"url":"https:\/\/ljubljanapride.org\/2022\/wp-content\/uploads\/2022\/05\/LGBTIQ-pobude_fb-scaled.jpg","type":"image\/jpeg"}],"twitter_card":"summary_large_image","twitter_misc":{"Est. reading time":"4 minutes"},"schema":{"@context":"https:\/\/schema.org","@graph":[{"@type":"WebPage","@id":"https:\/\/ljubljanapride.org\/2022\/en\/lgbtiq-initiatives-from-goricko-to-piran\/","url":"https:\/\/ljubljanapride.org\/2022\/en\/lgbtiq-initiatives-from-goricko-to-piran\/","name":"LGBTIQ+ initiatives from Gori\u010dko to Piran - Ljubljana Pride 2022","isPartOf":{"@id":"https:\/\/ljubljanapride.org\/2022\/#website"},"datePublished":"2022-05-19T06:04:22+00:00","dateModified":"2022-05-19T06:17:49+00:00","breadcrumb":{"@id":"https:\/\/ljubljanapride.org\/2022\/en\/lgbtiq-initiatives-from-goricko-to-piran\/#breadcrumb"},"inLanguage":"en-US","potentialAction":[{"@type":"ReadAction","target":["https:\/\/ljubljanapride.org\/2022\/en\/lgbtiq-initiatives-from-goricko-to-piran\/"]}]},{"@type":"BreadcrumbList","@id":"https:\/\/ljubljanapride.org\/2022\/en\/lgbtiq-initiatives-from-goricko-to-piran\/#breadcrumb","itemListElement":[{"@type":"ListItem","position":1,"name":"Home","item":"https:\/\/ljubljanapride.org\/2022\/en\/"},{"@type":"ListItem","position":2,"name":"LGBTIQ+ initiatives from Gori\u010dko to Piran"}]},{"@type":"WebSite","@id":"https:\/\/ljubljanapride.org\/2022\/#website","url":"https:\/\/ljubljanapride.org\/2022\/","name":"Ljubljana Pride 2022","description":"\u010cas je za mavri\u010dni glas","potentialAction":[{"@type":"SearchAction","target":{"@type":"EntryPoint","urlTemplate":"https:\/\/ljubljanapride.org\/2022\/?s={search_term_string}"},"query-input":"required name=search_term_string"}],"inLanguage":"en-US"}]}},"_links":{"self":[{"href":"https:\/\/ljubljanapride.org\/2022\/en\/wp-json\/wp\/v2\/pages\/6687"}],"collection":[{"href":"https:\/\/ljubljanapride.org\/2022\/en\/wp-json\/wp\/v2\/pages"}],"about":[{"href":"https:\/\/ljubljanapride.org\/2022\/en\/wp-json\/wp\/v2\/types\/page"}],"author":[{"embeddable":true,"href":"https:\/\/ljubljanapride.org\/2022\/en\/wp-json\/wp\/v2\/users\/1"}],"replies":[{"embeddable":true,"href":"https:\/\/ljubljanapride.org\/2022\/en\/wp-json\/wp\/v2\/comments?post=6687"}],"version-history":[{"count":4,"href":"https:\/\/ljubljanapride.org\/2022\/en\/wp-json\/wp\/v2\/pages\/6687\/revisions"}],"predecessor-version":[{"id":6691,"href":"https:\/\/ljubljanapride.org\/2022\/en\/wp-json\/wp\/v2\/pages\/6687\/revisions\/6691"}],"wp:featuredmedia":[{"embeddable":true,"href":"https:\/\/ljubljanapride.org\/2022\/en\/wp-json\/wp\/v2\/media\/6682"}],"wp:attachment":[{"href":"https:\/\/ljubljanapride.org\/2022\/en\/wp-json\/wp\/v2\/media?parent=6687"}],"curies":[{"name":"wp","href":"https:\/\/api.w.org\/{rel}","templated":true}]}}