{"id":6531,"date":"2022-05-10T14:44:39","date_gmt":"2022-05-10T13:44:39","guid":{"rendered":"https:\/\/ljubljanapride.org\/2022\/?page_id=6531"},"modified":"2022-05-26T13:41:48","modified_gmt":"2022-05-26T12:41:48","slug":"dvorisce-v-plesisce","status":"publish","type":"page","link":"https:\/\/ljubljanapride.org\/2022\/dvorisce-v-plesisce\/","title":{"rendered":"Dvori\u0161\u010de v plesi\u0161\u010de"},"content":{"rendered":"<p>[et_pb_section fb_built=&#8221;1&#8243; _builder_version=&#8221;4.14.8&#8243; _module_preset=&#8221;default&#8221; background_color=&#8221;#FFFFFF&#8221; global_colors_info=&#8221;{}&#8221;][et_pb_row column_structure=&#8221;1_2,1_2&#8243; _builder_version=&#8221;4.14.8&#8243; _module_preset=&#8221;default&#8221; custom_padding=&#8221;0px||0px||false|false&#8221; global_colors_info=&#8221;{}&#8221;][et_pb_column type=&#8221;1_2&#8243; _builder_version=&#8221;4.14.8&#8243; _module_preset=&#8221;default&#8221; global_colors_info=&#8221;{}&#8221;][et_pb_text _builder_version=&#8221;4.14.8&#8243; _module_preset=&#8221;default&#8221; link_font=&#8221;bigjohn||||on|||#c02a69|&#8221; link_text_color=&#8221;#c02a69&#8243; link_font_size=&#8221;16px&#8221; global_colors_info=&#8221;{}&#8221;]<\/p>\n<p style=\"text-align: left;\"><a href=\"https:\/\/ljubljanapride.org\/2022\/spoznajte-nase-nove-prostovoljke_ce\/\">\u2190Prej\u0161nji dogodek<\/a><\/p>\n<p>[\/et_pb_text][\/et_pb_column][et_pb_column type=&#8221;1_2&#8243; _builder_version=&#8221;4.14.8&#8243; _module_preset=&#8221;default&#8221; global_colors_info=&#8221;{}&#8221;][et_pb_text _builder_version=&#8221;4.14.8&#8243; _module_preset=&#8221;default&#8221; link_font=&#8221;bigjohn||||on|||#c02a69|&#8221; link_text_color=&#8221;#c02a69&#8243; link_font_size=&#8221;16px&#8221; global_colors_info=&#8221;{}&#8221;]<\/p>\n<p style=\"text-align: right;\"><a href=\"https:\/\/ljubljanapride.org\/2022\/tiskovna-konferenca\/\">Naslednji dogodek \u2192<\/a><\/p>\n<p>[\/et_pb_text][\/et_pb_column][\/et_pb_row][et_pb_row _builder_version=&#8221;4.14.8&#8243; _module_preset=&#8221;default&#8221; global_colors_info=&#8221;{}&#8221;][et_pb_column type=&#8221;4_4&#8243; _builder_version=&#8221;4.14.8&#8243; _module_preset=&#8221;default&#8221; global_colors_info=&#8221;{}&#8221;][et_pb_image src=&#8221;https:\/\/ljubljanapride.org\/2022\/wp-content\/uploads\/2022\/05\/Dvorisce_fb-1-scaled.jpg&#8221; title_text=&#8221;Dvori\u0161\u010de_fb&#8221; _builder_version=&#8221;4.14.8&#8243; _module_preset=&#8221;default&#8221; hover_enabled=&#8221;0&#8243; box_shadow_style=&#8221;preset1&#8243; global_colors_info=&#8221;{}&#8221; sticky_enabled=&#8221;0&#8243;][\/et_pb_image][\/et_pb_column][\/et_pb_row][et_pb_row _builder_version=&#8221;4.14.8&#8243; _module_preset=&#8221;default&#8221; global_colors_info=&#8221;{}&#8221;][et_pb_column type=&#8221;4_4&#8243; _builder_version=&#8221;4.14.8&#8243; _module_preset=&#8221;default&#8221; global_colors_info=&#8221;{}&#8221;][et_pb_text _builder_version=&#8221;4.14.8&#8243; _module_preset=&#8221;default&#8221; header_3_font=&#8221;bigjohn||||||||&#8221; border_width_bottom=&#8221;4px&#8221; border_color_bottom=&#8221;#c02a69&#8243; global_colors_info=&#8221;{}&#8221;]<\/p>\n<h1 style=\"text-align: center;\">DVORI\u0160\u010cE V PLESI\u0160\u010cE<\/h1>\n<h3 style=\"text-align: center;\">Predotvoritveni dogodek<\/h3>\n<p>[\/et_pb_text][\/et_pb_column][\/et_pb_row][et_pb_row column_structure=&#8221;1_2,1_2&#8243; _builder_version=&#8221;4.14.8&#8243; _module_preset=&#8221;default&#8221; global_colors_info=&#8221;{}&#8221;][et_pb_column type=&#8221;1_2&#8243; _builder_version=&#8221;4.14.8&#8243; _module_preset=&#8221;default&#8221; global_colors_info=&#8221;{}&#8221;][et_pb_blurb title=&#8221;28. 5. 2022 ob 22:00-01:00&#8243; use_icon=&#8221;on&#8221; font_icon=&#8221;&#xf017;||fa||900&#8243; icon_color=&#8221;#c02a69&#8243; image_icon_width=&#8221;55px&#8221; _builder_version=&#8221;4.14.8&#8243; _module_preset=&#8221;default&#8221; header_font=&#8221;bigjohn||||||||&#8221; header_text_align=&#8221;center&#8221; global_colors_info=&#8221;{}&#8221;][\/et_pb_blurb][\/et_pb_column][et_pb_column type=&#8221;1_2&#8243; _builder_version=&#8221;4.14.8&#8243; _module_preset=&#8221;default&#8221; global_colors_info=&#8221;{}&#8221;][et_pb_blurb title=&#8221;Pritli\u010dje (Mestni trg 2, Ljubljana)&#8221; use_icon=&#8221;on&#8221; font_icon=&#8221;&#xf3c5;||fa||900&#8243; icon_color=&#8221;#c02a69&#8243; image_icon_width=&#8221;55px&#8221; _builder_version=&#8221;4.14.8&#8243; _module_preset=&#8221;default&#8221; header_font=&#8221;bigjohn||||||||&#8221; header_text_align=&#8221;center&#8221; hover_enabled=&#8221;0&#8243; global_colors_info=&#8221;{}&#8221; sticky_enabled=&#8221;0&#8243;][\/et_pb_blurb][\/et_pb_column][\/et_pb_row][et_pb_row _builder_version=&#8221;4.14.8&#8243; _module_preset=&#8221;default&#8221; global_colors_info=&#8221;{}&#8221;][et_pb_column type=&#8221;4_4&#8243; _builder_version=&#8221;4.14.8&#8243; _module_preset=&#8221;default&#8221; global_colors_info=&#8221;{}&#8221;][et_pb_text _builder_version=&#8221;4.14.8&#8243; _module_preset=&#8221;default&#8221; text_font_size=&#8221;16px&#8221; global_colors_info=&#8221;{}&#8221;]<\/p>\n<p style=\"text-align: center;\">Dogodek bo potekal v sloven\u0161\u010dini.<\/p>\n<p style=\"text-align: center;\">V sodelovanju s PlayOut in Out in Slovenia.<\/p>\n<p>Predotvoritveni festivalski dogodek nas bo popeljal v samo sredi\u0161\u010de \u2013 oziroma dvori\u0161\u010de \u2013 \u0161taba Dru\u0161tva Parada ponosa, v atrij stavbe, kjer stoji na\u0161a pisarna in kjer se kujejo vsakoletni na\u010drti festivala Parada ponosa. Dogodek organiziramo v sodelovanju s PlayOut in Out in Slovenia, ki v tem \u010dasu gostita teni\u0161ki GLTA (Gay and Lesbian Tennis Association) turnir v Ljubljani. Na stojnici s koktajli boste zato lahko opazile_i marsikatero_ega tenisa\u010dico_a, ki se bo hladil_a po vro\u010di tekmi.<\/p>\n<p style=\"text-align: justify;\">Poleg osve\u017eilnih napitkov, stojnice z mavri\u010dnimi pripomo\u010dki in foto koti\u010dka bodo dvori\u0161\u010de v plesi\u0161\u010de spremenile did\u017eejka NinaBelle, did\u017eejka msn gf in vid\u017eejka rastrLAB. Ob pestri dru\u017ebi in \u0161tevilnih aktivnostih nas torej \u010daka tudi glasbeno-vizualni spektakel.<\/p>\n<p>*<strong>Nina Kodri\u010d<\/strong> aka <strong>NinaBelle<\/strong> je did\u017eejka, producentka, akademska glasbenica, glasbena opremljevalka in promotorka klubskih dogodkov. Je \u010dlanica kvir kolektiva Ustanova, soorganizatorka festivala Grounded, hkrati je del dua Warrego Valles, ki ga je s producentko Nino Hudej ustanovila leta 2017. Za sabo imata dva albuma, EP, nekaj singlov ter remixov na razli\u010dnih kompilacijah &#8230; Nastopata doma in v tujini, na razli\u010dnih festivalih, klubskih dogodkih in drugod. Seti NineBelle niso \u017eanrsko ali prostorsko omejeni, nepredvidljivi in vedno znova v iskanju novih zvokov in trendov v postklubski elektronski glasbi.<\/p>\n<p>*<strong>Msn gf<\/strong> kot producentka in did\u017eejka v iskanju novih \u017eanrskih mutacij ne dela razlik med klubskimi tresljaji in radijskimi valovi. Po debiju na kompilaciji ISKRA DELTA: Onboarding Soundscapes (pospe\u0161ena priredba balade Prvi\u010d vem skupine Power Dancers) in did\u017eej nastopih v Cukrarni in Monoklu trenutno napenja glasilke in greje procesorje z materialom za svoj prvi EP, od hyperpopa do happy hardcorea, s strate\u0161kim \u0161\u010depcem avtohtone y2k nostalgije v nightcore registru.<\/p>\n<p>*<strong>Ur\u0161a \u010cuk<\/strong> aka <strong>rastrLAB<\/strong> je vizualna in digitalna umetnica. Zanimajo jo razli\u010dni mediji ustvarjanja, predvsem fotografija, grafi\u010dno oblikovanje, video in avdiovizualne projekcije. Pri vizualizacijah zdru\u017euje fotografije, video in digitalne teksture, rada se giblje med retro in distopi\u010dnimi valovi.<\/p>\n<p>[\/et_pb_text][\/et_pb_column][\/et_pb_row][\/et_pb_section]<\/p>\n","protected":false},"excerpt":{"rendered":"<p>\u2190Prej\u0161nji dogodekNaslednji dogodek \u2192DVORI\u0160\u010cE V PLESI\u0160\u010cE Predotvoritveni dogodekDogodek bo potekal v sloven\u0161\u010dini. V sodelovanju s PlayOut in Out in Slovenia. Predotvoritveni festivalski dogodek nas bo popeljal v samo sredi\u0161\u010de \u2013 [&hellip;]<\/p>\n","protected":false},"author":1,"featured_media":6529,"parent":0,"menu_order":0,"comment_status":"closed","ping_status":"closed","template":"","meta":{"_et_pb_use_builder":"on","_et_pb_old_content":"<!-- wp:divi\/placeholder \/-->","_et_gb_content_width":""},"yoast_head":"<!-- This site is optimized with the Yoast SEO plugin v20.3 - https:\/\/yoast.com\/wordpress\/plugins\/seo\/ -->\n<title>Dvori\u0161\u010de v plesi\u0161\u010de - Ljubljana Pride 2022<\/title>\n<meta name=\"robots\" content=\"index, follow, max-snippet:-1, max-image-preview:large, max-video-preview:-1\" \/>\n<link rel=\"canonical\" href=\"https:\/\/ljubljanapride.org\/2022\/dvorisce-v-plesisce\/\" \/>\n<meta property=\"og:locale\" content=\"sl_SI\" \/>\n<meta property=\"og:type\" content=\"article\" \/>\n<meta property=\"og:title\" content=\"Dvori\u0161\u010de v plesi\u0161\u010de - Ljubljana Pride 2022\" \/>\n<meta property=\"og:description\" content=\"\u2190Prej\u0161nji dogodekNaslednji dogodek \u2192DVORI\u0160\u010cE V PLESI\u0160\u010cE Predotvoritveni dogodekDogodek bo potekal v sloven\u0161\u010dini. V sodelovanju s PlayOut in Out in Slovenia. Predotvoritveni festivalski dogodek nas bo popeljal v samo sredi\u0161\u010de \u2013 [&hellip;]\" \/>\n<meta property=\"og:url\" content=\"https:\/\/ljubljanapride.org\/2022\/dvorisce-v-plesisce\/\" \/>\n<meta property=\"og:site_name\" content=\"Ljubljana Pride 2022\" \/>\n<meta property=\"article:modified_time\" content=\"2022-05-26T12:41:48+00:00\" \/>\n<meta property=\"og:image\" content=\"https:\/\/ljubljanapride.org\/2022\/wp-content\/uploads\/2022\/05\/Dvorisce_fb-scaled.jpg\" \/>\n\t<meta property=\"og:image:width\" content=\"2560\" \/>\n\t<meta property=\"og:image:height\" content=\"1340\" \/>\n\t<meta property=\"og:image:type\" content=\"image\/jpeg\" \/>\n<meta name=\"twitter:card\" content=\"summary_large_image\" \/>\n<script type=\"application\/ld+json\" class=\"yoast-schema-graph\">{\"@context\":\"https:\/\/schema.org\",\"@graph\":[{\"@type\":\"WebPage\",\"@id\":\"https:\/\/ljubljanapride.org\/2022\/dvorisce-v-plesisce\/\",\"url\":\"https:\/\/ljubljanapride.org\/2022\/dvorisce-v-plesisce\/\",\"name\":\"Dvori\u0161\u010de v plesi\u0161\u010de - Ljubljana Pride 2022\",\"isPartOf\":{\"@id\":\"https:\/\/ljubljanapride.org\/2022\/#website\"},\"datePublished\":\"2022-05-10T13:44:39+00:00\",\"dateModified\":\"2022-05-26T12:41:48+00:00\",\"breadcrumb\":{\"@id\":\"https:\/\/ljubljanapride.org\/2022\/dvorisce-v-plesisce\/#breadcrumb\"},\"inLanguage\":\"sl-SI\",\"potentialAction\":[{\"@type\":\"ReadAction\",\"target\":[\"https:\/\/ljubljanapride.org\/2022\/dvorisce-v-plesisce\/\"]}]},{\"@type\":\"BreadcrumbList\",\"@id\":\"https:\/\/ljubljanapride.org\/2022\/dvorisce-v-plesisce\/#breadcrumb\",\"itemListElement\":[{\"@type\":\"ListItem\",\"position\":1,\"name\":\"Home\",\"item\":\"https:\/\/ljubljanapride.org\/2022\/\"},{\"@type\":\"ListItem\",\"position\":2,\"name\":\"Dvori\u0161\u010de v plesi\u0161\u010de\"}]},{\"@type\":\"WebSite\",\"@id\":\"https:\/\/ljubljanapride.org\/2022\/#website\",\"url\":\"https:\/\/ljubljanapride.org\/2022\/\",\"name\":\"Ljubljana Pride 2022\",\"description\":\"\u010cas je za mavri\u010dni glas\",\"potentialAction\":[{\"@type\":\"SearchAction\",\"target\":{\"@type\":\"EntryPoint\",\"urlTemplate\":\"https:\/\/ljubljanapride.org\/2022\/?s={search_term_string}\"},\"query-input\":\"required name=search_term_string\"}],\"inLanguage\":\"sl-SI\"}]}<\/script>\n<!-- \/ Yoast SEO plugin. -->","yoast_head_json":{"title":"Dvori\u0161\u010de v plesi\u0161\u010de - Ljubljana Pride 2022","robots":{"index":"index","follow":"follow","max-snippet":"max-snippet:-1","max-image-preview":"max-image-preview:large","max-video-preview":"max-video-preview:-1"},"canonical":"https:\/\/ljubljanapride.org\/2022\/dvorisce-v-plesisce\/","og_locale":"sl_SI","og_type":"article","og_title":"Dvori\u0161\u010de v plesi\u0161\u010de - Ljubljana Pride 2022","og_description":"\u2190Prej\u0161nji dogodekNaslednji dogodek \u2192DVORI\u0160\u010cE V PLESI\u0160\u010cE Predotvoritveni dogodekDogodek bo potekal v sloven\u0161\u010dini. V sodelovanju s PlayOut in Out in Slovenia. Predotvoritveni festivalski dogodek nas bo popeljal v samo sredi\u0161\u010de \u2013 [&hellip;]","og_url":"https:\/\/ljubljanapride.org\/2022\/dvorisce-v-plesisce\/","og_site_name":"Ljubljana Pride 2022","article_modified_time":"2022-05-26T12:41:48+00:00","og_image":[{"width":2560,"height":1340,"url":"https:\/\/ljubljanapride.org\/2022\/wp-content\/uploads\/2022\/05\/Dvorisce_fb-scaled.jpg","type":"image\/jpeg"}],"twitter_card":"summary_large_image","schema":{"@context":"https:\/\/schema.org","@graph":[{"@type":"WebPage","@id":"https:\/\/ljubljanapride.org\/2022\/dvorisce-v-plesisce\/","url":"https:\/\/ljubljanapride.org\/2022\/dvorisce-v-plesisce\/","name":"Dvori\u0161\u010de v plesi\u0161\u010de - Ljubljana Pride 2022","isPartOf":{"@id":"https:\/\/ljubljanapride.org\/2022\/#website"},"datePublished":"2022-05-10T13:44:39+00:00","dateModified":"2022-05-26T12:41:48+00:00","breadcrumb":{"@id":"https:\/\/ljubljanapride.org\/2022\/dvorisce-v-plesisce\/#breadcrumb"},"inLanguage":"sl-SI","potentialAction":[{"@type":"ReadAction","target":["https:\/\/ljubljanapride.org\/2022\/dvorisce-v-plesisce\/"]}]},{"@type":"BreadcrumbList","@id":"https:\/\/ljubljanapride.org\/2022\/dvorisce-v-plesisce\/#breadcrumb","itemListElement":[{"@type":"ListItem","position":1,"name":"Home","item":"https:\/\/ljubljanapride.org\/2022\/"},{"@type":"ListItem","position":2,"name":"Dvori\u0161\u010de v plesi\u0161\u010de"}]},{"@type":"WebSite","@id":"https:\/\/ljubljanapride.org\/2022\/#website","url":"https:\/\/ljubljanapride.org\/2022\/","name":"Ljubljana Pride 2022","description":"\u010cas je za mavri\u010dni glas","potentialAction":[{"@type":"SearchAction","target":{"@type":"EntryPoint","urlTemplate":"https:\/\/ljubljanapride.org\/2022\/?s={search_term_string}"},"query-input":"required name=search_term_string"}],"inLanguage":"sl-SI"}]}},"_links":{"self":[{"href":"https:\/\/ljubljanapride.org\/2022\/wp-json\/wp\/v2\/pages\/6531"}],"collection":[{"href":"https:\/\/ljubljanapride.org\/2022\/wp-json\/wp\/v2\/pages"}],"about":[{"href":"https:\/\/ljubljanapride.org\/2022\/wp-json\/wp\/v2\/types\/page"}],"author":[{"embeddable":true,"href":"https:\/\/ljubljanapride.org\/2022\/wp-json\/wp\/v2\/users\/1"}],"replies":[{"embeddable":true,"href":"https:\/\/ljubljanapride.org\/2022\/wp-json\/wp\/v2\/comments?post=6531"}],"version-history":[{"count":6,"href":"https:\/\/ljubljanapride.org\/2022\/wp-json\/wp\/v2\/pages\/6531\/revisions"}],"predecessor-version":[{"id":6938,"href":"https:\/\/ljubljanapride.org\/2022\/wp-json\/wp\/v2\/pages\/6531\/revisions\/6938"}],"wp:featuredmedia":[{"embeddable":true,"href":"https:\/\/ljubljanapride.org\/2022\/wp-json\/wp\/v2\/media\/6529"}],"wp:attachment":[{"href":"https:\/\/ljubljanapride.org\/2022\/wp-json\/wp\/v2\/media?parent=6531"}],"curies":[{"name":"wp","href":"https:\/\/api.w.org\/{rel}","templated":true}]}}