{"id":6680,"date":"2022-05-19T07:04:22","date_gmt":"2022-05-19T06:04:22","guid":{"rendered":"https:\/\/ljubljanapride.org\/2022\/?page_id=6680"},"modified":"2022-05-19T07:09:36","modified_gmt":"2022-05-19T06:09:36","slug":"lgbtiq-pobude-od-gorickega-do-pirana","status":"publish","type":"page","link":"https:\/\/ljubljanapride.org\/2022\/lgbtiq-pobude-od-gorickega-do-pirana\/","title":{"rendered":"LGBTIQ+ pobude od Gori\u010dkega do Pirana"},"content":{"rendered":"<p>[et_pb_section fb_built=&#8221;1&#8243; _builder_version=&#8221;4.14.8&#8243; _module_preset=&#8221;default&#8221; background_color=&#8221;#FFFFFF&#8221; global_colors_info=&#8221;{}&#8221; theme_builder_area=&#8221;post_content&#8221;][et_pb_row column_structure=&#8221;1_2,1_2&#8243; _builder_version=&#8221;4.14.8&#8243; _module_preset=&#8221;default&#8221; custom_padding=&#8221;0px||0px||false|false&#8221; global_colors_info=&#8221;{}&#8221; theme_builder_area=&#8221;post_content&#8221;][et_pb_column type=&#8221;1_2&#8243; _builder_version=&#8221;4.14.8&#8243; _module_preset=&#8221;default&#8221; global_colors_info=&#8221;{}&#8221; theme_builder_area=&#8221;post_content&#8221;][et_pb_text _builder_version=&#8221;4.14.8&#8243; _module_preset=&#8221;default&#8221; link_font=&#8221;bigjohn||||on|||#c02a69|&#8221; link_text_color=&#8221;#c02a69&#8243; link_font_size=&#8221;16px&#8221; hover_enabled=&#8221;0&#8243; global_colors_info=&#8221;{}&#8221; theme_builder_area=&#8221;post_content&#8221; sticky_enabled=&#8221;0&#8243;]<\/p>\n<p style=\"text-align: left;\"><a href=\"https:\/\/ljubljanapride.org\/2022\/labirint-izrazov\/\">\u2190Prej\u0161nji dogodek<\/a><\/p>\n<p>[\/et_pb_text][\/et_pb_column][et_pb_column type=&#8221;1_2&#8243; _builder_version=&#8221;4.14.8&#8243; _module_preset=&#8221;default&#8221; global_colors_info=&#8221;{}&#8221; theme_builder_area=&#8221;post_content&#8221;][et_pb_text _builder_version=&#8221;4.14.8&#8243; _module_preset=&#8221;default&#8221; link_font=&#8221;bigjohn||||on|||#c02a69|&#8221; link_text_color=&#8221;#c02a69&#8243; link_font_size=&#8221;16px&#8221; hover_enabled=&#8221;0&#8243; global_colors_info=&#8221;{}&#8221; theme_builder_area=&#8221;post_content&#8221; sticky_enabled=&#8221;0&#8243;]<\/p>\n<p style=\"text-align: right;\"><a href=\"https:\/\/ljubljanapride.org\/2022\/manjsinski-stres-in-dusevno-zdravje-manjsinskih-skupnosti\/\">Naslednji dogodek \u2192<\/a><\/p>\n<p>[\/et_pb_text][\/et_pb_column][\/et_pb_row][et_pb_row _builder_version=&#8221;4.14.8&#8243; _module_preset=&#8221;default&#8221; global_colors_info=&#8221;{}&#8221; theme_builder_area=&#8221;post_content&#8221;][et_pb_column type=&#8221;4_4&#8243; _builder_version=&#8221;4.14.8&#8243; _module_preset=&#8221;default&#8221; global_colors_info=&#8221;{}&#8221; theme_builder_area=&#8221;post_content&#8221;][et_pb_image src=&#8221;https:\/\/ljubljanapride.org\/2022\/wp-content\/uploads\/2022\/05\/LGBTIQ-pobude_fb-scaled.jpg&#8221; title_text=&#8221;LGBTIQ+ pobude_fb&#8221; _builder_version=&#8221;4.14.8&#8243; _module_preset=&#8221;default&#8221; hover_enabled=&#8221;0&#8243; box_shadow_style=&#8221;preset1&#8243; global_colors_info=&#8221;{}&#8221; theme_builder_area=&#8221;post_content&#8221; sticky_enabled=&#8221;0&#8243;][\/et_pb_image][\/et_pb_column][\/et_pb_row][et_pb_row _builder_version=&#8221;4.14.8&#8243; _module_preset=&#8221;default&#8221; global_colors_info=&#8221;{}&#8221; theme_builder_area=&#8221;post_content&#8221;][et_pb_column type=&#8221;4_4&#8243; _builder_version=&#8221;4.14.8&#8243; _module_preset=&#8221;default&#8221; global_colors_info=&#8221;{}&#8221; theme_builder_area=&#8221;post_content&#8221;][et_pb_text _builder_version=&#8221;4.14.8&#8243; _module_preset=&#8221;default&#8221; header_3_font=&#8221;bigjohn||||||||&#8221; hover_enabled=&#8221;0&#8243; border_width_bottom=&#8221;4px&#8221; border_color_bottom=&#8221;#c02a69&#8243; global_colors_info=&#8221;{}&#8221; theme_builder_area=&#8221;post_content&#8221; sticky_enabled=&#8221;0&#8243;]<\/p>\n<h1 style=\"text-align: center;\">LGBTIQ+ POBUDE OD GORI\u010cKEGA DO PIRANA<\/h1>\n<h3 style=\"text-align: center;\">Pogovor in povezovanje<\/h3>\n<p>[\/et_pb_text][\/et_pb_column][\/et_pb_row][et_pb_row column_structure=&#8221;1_2,1_2&#8243; _builder_version=&#8221;4.14.8&#8243; _module_preset=&#8221;default&#8221; global_colors_info=&#8221;{}&#8221; theme_builder_area=&#8221;post_content&#8221;][et_pb_column type=&#8221;1_2&#8243; _builder_version=&#8221;4.14.8&#8243; _module_preset=&#8221;default&#8221; global_colors_info=&#8221;{}&#8221; theme_builder_area=&#8221;post_content&#8221;][et_pb_blurb title=&#8221;6. 6. 2022 ob 19:00\u201321:00&#8243; use_icon=&#8221;on&#8221; font_icon=&#8221;&#xf017;||fa||900&#8243; icon_color=&#8221;#c02a69&#8243; image_icon_width=&#8221;55px&#8221; _builder_version=&#8221;4.14.8&#8243; _module_preset=&#8221;default&#8221; header_font=&#8221;bigjohn||||||||&#8221; header_text_align=&#8221;center&#8221; hover_enabled=&#8221;0&#8243; global_colors_info=&#8221;{}&#8221; theme_builder_area=&#8221;post_content&#8221; sticky_enabled=&#8221;0&#8243;][\/et_pb_blurb][\/et_pb_column][et_pb_column type=&#8221;1_2&#8243; _builder_version=&#8221;4.14.8&#8243; _module_preset=&#8221;default&#8221; global_colors_info=&#8221;{}&#8221; theme_builder_area=&#8221;post_content&#8221;][et_pb_blurb title=&#8221;Pritli\u010dje (Mestni trg 2, Ljubljana)&#8221; use_icon=&#8221;on&#8221; font_icon=&#8221;&#xf3c5;||fa||900&#8243; icon_color=&#8221;#c02a69&#8243; image_icon_width=&#8221;55px&#8221; _builder_version=&#8221;4.14.8&#8243; _module_preset=&#8221;default&#8221; header_font=&#8221;bigjohn||||||||&#8221; header_text_align=&#8221;center&#8221; hover_enabled=&#8221;0&#8243; global_colors_info=&#8221;{}&#8221; theme_builder_area=&#8221;post_content&#8221; sticky_enabled=&#8221;0&#8243;][\/et_pb_blurb][\/et_pb_column][\/et_pb_row][et_pb_row _builder_version=&#8221;4.14.8&#8243; _module_preset=&#8221;default&#8221; global_colors_info=&#8221;{}&#8221; theme_builder_area=&#8221;post_content&#8221;][et_pb_column type=&#8221;4_4&#8243; _builder_version=&#8221;4.14.8&#8243; _module_preset=&#8221;default&#8221; global_colors_info=&#8221;{}&#8221; theme_builder_area=&#8221;post_content&#8221;][et_pb_text _builder_version=&#8221;4.14.8&#8243; _module_preset=&#8221;default&#8221; text_font_size=&#8221;16px&#8221; hover_enabled=&#8221;0&#8243; global_colors_info=&#8221;{}&#8221; theme_builder_area=&#8221;post_content&#8221; sticky_enabled=&#8221;0&#8243;]<\/p>\n<p style=\"text-align: center;\">Dogodek bo potekal v sloven\u0161\u010dini.<\/p>\n<p style=\"text-align: center;\">V sodelovanju z lgbt_zasavje (instagram skupina), ekipo filma Beg, Koro\u0161ka Pride, Maribor skozi ro\u017enata o\u010dala, MC Zagorje ob Savi, GO! 2025.<\/p>\n<p style=\"text-align: justify;\">Dogodek odpira prostor za decentralizacijo LGBTIQ+ skupnosti. V zadnjih letih smo bile_i pri\u010da prvim paradam ponosa v Mariboru in Slovenj Gradcu, lansko leto smo do\u017eivele_i tudi prvo \u010dezmejno povorko med Gorico in Novo Gorico. Poleg tega pa so se, predvsem na dru\u017ebenih omre\u017ejih, za\u010dele razvijati tudi nove LGBTIQ+ iniciative, ki jih sestavljajo mlade LGBTIQ+ osebe, ki \u017eelijo usmeriti pozornost tudi na svoje lokalno okolje ter potrebe LGBTIQ+ oseb, ki tam bivajo. Kako se tak\u0161ne iniciative sploh za\u010dnejo? Kako se soo\u010dajo z nasprotnicami_ki in sovra\u017enim govorom, kako lahko pri tem \u2013 kot podporni \u010dlen \u2013 pomaga skupnost? Med dogodkom boste lahko prisluhnile_i odgovorom na ta in podobna vpra\u0161anja razli\u010dnih iniciativ po Sloveniji, ki bodo predstavile_i svoje delo in vizijo. Obiskovalke_ci boste imele_i prilo\u017enost, da se z njimi pove\u017eete, skujete skupne na\u010drte ter skupaj pre\u017eivite ve\u010der. Vabljene_i vse_i \u010dlanice_i LGBTIQ+ skupnosti, ki vas tovrstna tematika zanima, vse_i, ki se \u017eelite v sklopu svojih gibanj povezati z lokalnimi iniciativami, in vse_i, ki \u017eelite same_i zagnati iniciativo v svojem lokalnem okolju.<\/p>\n<p style=\"text-align: justify;\">*<strong>lgbt_zasavje<\/strong> je Instagram profil, s katerim upravlja Dominika Zupan. S svojim delovanjem \u017eeli poskrbeti za pravi\u010dnej\u0161i in sr\u010dnej\u0161i svet.<\/p>\n<p style=\"text-align: justify;\">*Za kratkim filmom<strong> Beg<\/strong>, ki govori o mladi punci Trini, ki se spopada s svojo spolno usmerjenostjo in nesprejemajo\u010dim okoljem, stoji <strong>mlada filmska ekipa<\/strong> srednje\u0161olk_cev s \u0160tajerske. Pod re\u017eijsko taktirko dijakinje Eve Tergu\u0161ek so omenjeni film posnele_i v Mariboru in Selnici ob Dravi.<\/p>\n<p style=\"text-align: justify;\">*<strong>Koro\u0161ka Pride<\/strong> sestavljajo mlade LGBTIQ+ osebe, ki \u017eelijo s svojim delovanjem vzpostaviti varen prostor za LGBTIQ+ osebe na Koro\u0161kem. Njihov namen je tudi, da \u2013 namesto bega v Ljubljano \u2013 o LGBTIQ+ tematikah ozave\u0161\u010dajo v ruralnih predelih in s tem LGBTIQ+ osebam, ki \u017eelijo ostati v doma\u010dem okolju, omogo\u010dijo nekaj ve\u010d varnosti.<\/p>\n<p style=\"text-align: justify;\">*<strong>Maribor skozi ro\u017enata o\u010dala<\/strong> je dolgoletna iniciativa Mladinskega kulturnega centra Maribor, gre za edini redni program, ki naslavlja LGBTIQ+ tematike na \u0160tajerskem. V sklopu tega programa od leta 2019 organizirajo tudi mariborsko parado ponosa.<\/p>\n<p style=\"text-align: justify;\">*<strong>V MC Zagorje ob Savi<\/strong> so aprila letos za\u010deli s sre\u010danji Mavri\u010dno dru\u017eenje za mlade in mlade po srcu, ki so namenjena LGBTQIA+ osebam ter vsem, ki svojo spolno usmerjenost in\/ali spolno identiteto raziskujejo. Skupino vodi Tanja Veber, po srcu in izku\u0161njah mladinska delavka, Maribor\u010danka in \u010dlanica LGBTQIA+ skupnosti.<\/p>\n<p style=\"text-align: justify;\">*<strong>Kaja \u0160irok, vodja projekta Evropska prestolnica kulture \u2013 GO! 2025<\/strong>, je med drugim tesno sodelovala pri organizaciji parade ponosa v Gorici in Novi Gorica v letu 2021. Trenutno deluje na projektu Evropska prestolnica kulture \u2013 GO! 2025 in se zavzema za strpno in raznoliko ob\u010dino.<\/p>\n<p>[\/et_pb_text][\/et_pb_column][\/et_pb_row][\/et_pb_section]<\/p>\n","protected":false},"excerpt":{"rendered":"<p>\u2190Prej\u0161nji dogodekNaslednji dogodek \u2192LGBTIQ+ POBUDE OD GORI\u010cKEGA DO PIRANA Pogovor in povezovanjeDogodek bo potekal v sloven\u0161\u010dini. V sodelovanju z lgbt_zasavje (instagram skupina), ekipo filma Beg, Koro\u0161ka Pride, Maribor skozi ro\u017enata [&hellip;]<\/p>\n","protected":false},"author":1,"featured_media":6681,"parent":0,"menu_order":0,"comment_status":"closed","ping_status":"closed","template":"","meta":{"_et_pb_use_builder":"on","_et_pb_old_content":"","_et_gb_content_width":""},"yoast_head":"<!-- This site is optimized with the Yoast SEO plugin v20.3 - https:\/\/yoast.com\/wordpress\/plugins\/seo\/ -->\n<title>LGBTIQ+ pobude od Gori\u010dkega do Pirana - Ljubljana Pride 2022<\/title>\n<meta name=\"robots\" content=\"index, follow, max-snippet:-1, max-image-preview:large, max-video-preview:-1\" \/>\n<link rel=\"canonical\" href=\"https:\/\/ljubljanapride.org\/2022\/lgbtiq-pobude-od-gorickega-do-pirana\/\" \/>\n<meta property=\"og:locale\" content=\"sl_SI\" \/>\n<meta property=\"og:type\" content=\"article\" \/>\n<meta property=\"og:title\" content=\"LGBTIQ+ pobude od Gori\u010dkega do Pirana - Ljubljana Pride 2022\" \/>\n<meta property=\"og:description\" content=\"\u2190Prej\u0161nji dogodekNaslednji dogodek \u2192LGBTIQ+ POBUDE OD GORI\u010cKEGA DO PIRANA Pogovor in povezovanjeDogodek bo potekal v sloven\u0161\u010dini. V sodelovanju z lgbt_zasavje (instagram skupina), ekipo filma Beg, Koro\u0161ka Pride, Maribor skozi ro\u017enata [&hellip;]\" \/>\n<meta property=\"og:url\" content=\"https:\/\/ljubljanapride.org\/2022\/lgbtiq-pobude-od-gorickega-do-pirana\/\" \/>\n<meta property=\"og:site_name\" content=\"Ljubljana Pride 2022\" \/>\n<meta property=\"article:modified_time\" content=\"2022-05-19T06:09:36+00:00\" \/>\n<meta property=\"og:image\" content=\"https:\/\/ljubljanapride.org\/2022\/wp-content\/uploads\/2022\/05\/LGBTIQ-pobude_fb-scaled.jpg\" \/>\n\t<meta property=\"og:image:width\" content=\"2560\" \/>\n\t<meta property=\"og:image:height\" content=\"1340\" \/>\n\t<meta property=\"og:image:type\" content=\"image\/jpeg\" \/>\n<meta name=\"twitter:card\" content=\"summary_large_image\" \/>\n<script type=\"application\/ld+json\" class=\"yoast-schema-graph\">{\"@context\":\"https:\/\/schema.org\",\"@graph\":[{\"@type\":\"WebPage\",\"@id\":\"https:\/\/ljubljanapride.org\/2022\/lgbtiq-pobude-od-gorickega-do-pirana\/\",\"url\":\"https:\/\/ljubljanapride.org\/2022\/lgbtiq-pobude-od-gorickega-do-pirana\/\",\"name\":\"LGBTIQ+ pobude od Gori\u010dkega do Pirana - Ljubljana Pride 2022\",\"isPartOf\":{\"@id\":\"https:\/\/ljubljanapride.org\/2022\/#website\"},\"datePublished\":\"2022-05-19T06:04:22+00:00\",\"dateModified\":\"2022-05-19T06:09:36+00:00\",\"breadcrumb\":{\"@id\":\"https:\/\/ljubljanapride.org\/2022\/lgbtiq-pobude-od-gorickega-do-pirana\/#breadcrumb\"},\"inLanguage\":\"sl-SI\",\"potentialAction\":[{\"@type\":\"ReadAction\",\"target\":[\"https:\/\/ljubljanapride.org\/2022\/lgbtiq-pobude-od-gorickega-do-pirana\/\"]}]},{\"@type\":\"BreadcrumbList\",\"@id\":\"https:\/\/ljubljanapride.org\/2022\/lgbtiq-pobude-od-gorickega-do-pirana\/#breadcrumb\",\"itemListElement\":[{\"@type\":\"ListItem\",\"position\":1,\"name\":\"Home\",\"item\":\"https:\/\/ljubljanapride.org\/2022\/\"},{\"@type\":\"ListItem\",\"position\":2,\"name\":\"LGBTIQ+ pobude od Gori\u010dkega do Pirana\"}]},{\"@type\":\"WebSite\",\"@id\":\"https:\/\/ljubljanapride.org\/2022\/#website\",\"url\":\"https:\/\/ljubljanapride.org\/2022\/\",\"name\":\"Ljubljana Pride 2022\",\"description\":\"\u010cas je za mavri\u010dni glas\",\"potentialAction\":[{\"@type\":\"SearchAction\",\"target\":{\"@type\":\"EntryPoint\",\"urlTemplate\":\"https:\/\/ljubljanapride.org\/2022\/?s={search_term_string}\"},\"query-input\":\"required name=search_term_string\"}],\"inLanguage\":\"sl-SI\"}]}<\/script>\n<!-- \/ Yoast SEO plugin. -->","yoast_head_json":{"title":"LGBTIQ+ pobude od Gori\u010dkega do Pirana - Ljubljana Pride 2022","robots":{"index":"index","follow":"follow","max-snippet":"max-snippet:-1","max-image-preview":"max-image-preview:large","max-video-preview":"max-video-preview:-1"},"canonical":"https:\/\/ljubljanapride.org\/2022\/lgbtiq-pobude-od-gorickega-do-pirana\/","og_locale":"sl_SI","og_type":"article","og_title":"LGBTIQ+ pobude od Gori\u010dkega do Pirana - Ljubljana Pride 2022","og_description":"\u2190Prej\u0161nji dogodekNaslednji dogodek \u2192LGBTIQ+ POBUDE OD GORI\u010cKEGA DO PIRANA Pogovor in povezovanjeDogodek bo potekal v sloven\u0161\u010dini. V sodelovanju z lgbt_zasavje (instagram skupina), ekipo filma Beg, Koro\u0161ka Pride, Maribor skozi ro\u017enata [&hellip;]","og_url":"https:\/\/ljubljanapride.org\/2022\/lgbtiq-pobude-od-gorickega-do-pirana\/","og_site_name":"Ljubljana Pride 2022","article_modified_time":"2022-05-19T06:09:36+00:00","og_image":[{"width":2560,"height":1340,"url":"https:\/\/ljubljanapride.org\/2022\/wp-content\/uploads\/2022\/05\/LGBTIQ-pobude_fb-scaled.jpg","type":"image\/jpeg"}],"twitter_card":"summary_large_image","schema":{"@context":"https:\/\/schema.org","@graph":[{"@type":"WebPage","@id":"https:\/\/ljubljanapride.org\/2022\/lgbtiq-pobude-od-gorickega-do-pirana\/","url":"https:\/\/ljubljanapride.org\/2022\/lgbtiq-pobude-od-gorickega-do-pirana\/","name":"LGBTIQ+ pobude od Gori\u010dkega do Pirana - Ljubljana Pride 2022","isPartOf":{"@id":"https:\/\/ljubljanapride.org\/2022\/#website"},"datePublished":"2022-05-19T06:04:22+00:00","dateModified":"2022-05-19T06:09:36+00:00","breadcrumb":{"@id":"https:\/\/ljubljanapride.org\/2022\/lgbtiq-pobude-od-gorickega-do-pirana\/#breadcrumb"},"inLanguage":"sl-SI","potentialAction":[{"@type":"ReadAction","target":["https:\/\/ljubljanapride.org\/2022\/lgbtiq-pobude-od-gorickega-do-pirana\/"]}]},{"@type":"BreadcrumbList","@id":"https:\/\/ljubljanapride.org\/2022\/lgbtiq-pobude-od-gorickega-do-pirana\/#breadcrumb","itemListElement":[{"@type":"ListItem","position":1,"name":"Home","item":"https:\/\/ljubljanapride.org\/2022\/"},{"@type":"ListItem","position":2,"name":"LGBTIQ+ pobude od Gori\u010dkega do Pirana"}]},{"@type":"WebSite","@id":"https:\/\/ljubljanapride.org\/2022\/#website","url":"https:\/\/ljubljanapride.org\/2022\/","name":"Ljubljana Pride 2022","description":"\u010cas je za mavri\u010dni glas","potentialAction":[{"@type":"SearchAction","target":{"@type":"EntryPoint","urlTemplate":"https:\/\/ljubljanapride.org\/2022\/?s={search_term_string}"},"query-input":"required name=search_term_string"}],"inLanguage":"sl-SI"}]}},"_links":{"self":[{"href":"https:\/\/ljubljanapride.org\/2022\/wp-json\/wp\/v2\/pages\/6680"}],"collection":[{"href":"https:\/\/ljubljanapride.org\/2022\/wp-json\/wp\/v2\/pages"}],"about":[{"href":"https:\/\/ljubljanapride.org\/2022\/wp-json\/wp\/v2\/types\/page"}],"author":[{"embeddable":true,"href":"https:\/\/ljubljanapride.org\/2022\/wp-json\/wp\/v2\/users\/1"}],"replies":[{"embeddable":true,"href":"https:\/\/ljubljanapride.org\/2022\/wp-json\/wp\/v2\/comments?post=6680"}],"version-history":[{"count":2,"href":"https:\/\/ljubljanapride.org\/2022\/wp-json\/wp\/v2\/pages\/6680\/revisions"}],"predecessor-version":[{"id":6685,"href":"https:\/\/ljubljanapride.org\/2022\/wp-json\/wp\/v2\/pages\/6680\/revisions\/6685"}],"wp:featuredmedia":[{"embeddable":true,"href":"https:\/\/ljubljanapride.org\/2022\/wp-json\/wp\/v2\/media\/6681"}],"wp:attachment":[{"href":"https:\/\/ljubljanapride.org\/2022\/wp-json\/wp\/v2\/media?parent=6680"}],"curies":[{"name":"wp","href":"https:\/\/api.w.org\/{rel}","templated":true}]}}