{"id":4430,"date":"2020-11-12T16:51:01","date_gmt":"2020-11-12T14:51:01","guid":{"rendered":"http:\/\/www.ljubljanapride.org\/o-drustvu\/"},"modified":"2022-08-11T11:18:05","modified_gmt":"2022-08-11T09:18:05","slug":"about-the-association","status":"publish","type":"page","link":"https:\/\/ljubljanapride.org\/en\/about-the-association\/","title":{"rendered":"About the Association"},"content":{"rendered":"<p>[et_pb_section fb_built=&#8221;1&#8243; _builder_version=&#8221;4.17.6&#8243; background_color=&#8221;#FFFFFF&#8221; background_enable_image=&#8221;off&#8221; parallax=&#8221;on&#8221; background_blend=&#8221;darken&#8221; global_colors_info=&#8221;{}&#8221;][et_pb_row column_structure=&#8221;1_2,1_2&#8243; _builder_version=&#8221;4.17.6&#8243; background_enable_color=&#8221;off&#8221; background_size=&#8221;initial&#8221; background_position=&#8221;top_left&#8221; background_repeat=&#8221;repeat&#8221; custom_padding=&#8221;|20px||20px|false|false&#8221; global_colors_info=&#8221;{}&#8221;][et_pb_column type=&#8221;1_2&#8243; _builder_version=&#8221;4.16&#8243; custom_padding=&#8221;|||&#8221; global_colors_info=&#8221;{}&#8221; custom_padding__hover=&#8221;|||&#8221;][et_pb_text _builder_version=&#8221;4.17.6&#8243; text_text_color=&#8221;#000000&#8243; text_font_size=&#8221;15px&#8221; header_text_color=&#8221;#c02a69&#8243; background_size=&#8221;initial&#8221; background_position=&#8221;top_left&#8221; background_repeat=&#8221;repeat&#8221; custom_padding=&#8221;|||20px|false|false&#8221; hover_enabled=&#8221;0&#8243; global_colors_info=&#8221;{}&#8221; sticky_enabled=&#8221;0&#8243;]<\/p>\n<p><!-- divi:heading {\"level\":4} --><\/p>\n<h1 style=\"text-align: left;\">Purpose:<\/h1>\n<p style=\"text-align: left;\"><!-- \/divi:heading --><\/p>\n<p style=\"text-align: left;\">The Purpose of the Ljubljana Pride Association is to contribute to the establishment of a society that will be non-discriminatory, inclusive and open to all individuals, regardless of their gender, sexual orientation, sexual identity or any other personal circumstance. It was established with the aim of safeguard the human rights and interests of the lesbian, gay, bisexual, transgender, intersex and queer (LGBTIQ+) population. The association acts as a youth, voluntary, independent and non-profit civil society organization.<\/p>\n<p style=\"text-align: left;\"><!-- \/divi:paragraph --><\/p>\n<p style=\"text-align: left;\"><!-- divi:image --><\/p>\n<p style=\"text-align: left;\"><!-- \/divi:image --><\/p>\n<p style=\"text-align: left;\"><!-- divi:image --><\/p>\n<p style=\"text-align: left;\"><!-- \/divi:image --><\/p>\n<p style=\"text-align: left;\"><!-- divi:heading {\"level\":4} --><\/p>\n<p><!-- \/divi:paragraph --><\/p>\n<p>[\/et_pb_text][\/et_pb_column][et_pb_column type=&#8221;1_2&#8243; _builder_version=&#8221;4.16&#8243; custom_padding=&#8221;|||&#8221; global_colors_info=&#8221;{}&#8221; custom_padding__hover=&#8221;|||&#8221;][et_pb_image src=&#8221;https:\/\/ljubljanapride.org\/wp-content\/uploads\/2022\/03\/mav.jpg&#8221; title_text=&#8221;mav&#8221; _builder_version=&#8221;4.17.6&#8243; _module_preset=&#8221;default&#8221; custom_padding=&#8221;|20px|||false|false&#8221; border_radii=&#8221;off|30px||30px|30px&#8221; global_colors_info=&#8221;{}&#8221;][\/et_pb_image][\/et_pb_column][\/et_pb_row][et_pb_row column_structure=&#8221;1_2,1_2&#8243; _builder_version=&#8221;4.17.6&#8243; background_enable_color=&#8221;off&#8221; background_size=&#8221;initial&#8221; background_position=&#8221;top_left&#8221; background_repeat=&#8221;repeat&#8221; custom_padding=&#8221;|20px||20px|false|false&#8221; global_colors_info=&#8221;{}&#8221;][et_pb_column type=&#8221;1_2&#8243; _builder_version=&#8221;4.16&#8243; custom_padding=&#8221;|||&#8221; global_colors_info=&#8221;{}&#8221; custom_padding__hover=&#8221;|||&#8221;][et_pb_image src=&#8221;https:\/\/ljubljanapride.org\/wp-content\/uploads\/2022\/07\/285827159_5195970237104717_4266074138605367488_n.jpg&#8221; title_text=&#8221;285827159_5195970237104717_4266074138605367488_n&#8221; _builder_version=&#8221;4.17.6&#8243; _module_preset=&#8221;default&#8221; custom_padding=&#8221;|20px|||false|false&#8221; border_radii=&#8221;off||30px|30px|30px&#8221; global_colors_info=&#8221;{}&#8221;][\/et_pb_image][\/et_pb_column][et_pb_column type=&#8221;1_2&#8243; _builder_version=&#8221;4.16&#8243; custom_padding=&#8221;|||&#8221; global_colors_info=&#8221;{}&#8221; custom_padding__hover=&#8221;|||&#8221;][et_pb_text _builder_version=&#8221;4.17.6&#8243; text_text_color=&#8221;#000000&#8243; text_font_size=&#8221;15px&#8221; header_text_color=&#8221;#C02A69&#8243; background_size=&#8221;initial&#8221; background_position=&#8221;top_left&#8221; background_repeat=&#8221;repeat&#8221; custom_padding=&#8221;|||20px|false|false&#8221; hover_enabled=&#8221;0&#8243; global_colors_info=&#8221;{}&#8221; sticky_enabled=&#8221;0&#8243;]<\/p>\n<p><!-- divi:heading {\"level\":4} --><\/p>\n<h1 style=\"text-align: left;\">Ljubljana Pride Festival:<\/h1>\n<p style=\"text-align: left;\"><!-- \/divi:heading --><\/p>\n<p style=\"text-align: left;\">The first Ljubljana Pride that was organized by the Ljubljana Pride Association was in 2009. Since then, it matured into an international cultural and political festival of LGBTIQ+ culture with a distinctly political note. It peaks with the annual Pride Parade, which concludes with the public presentation of the LGBTIQ+ community&#8217;s political demands to people in positions of power, institutions and the wider society. Its aim is to break the silence and the suppression of homosexuality, to occupy public space, to present the life and work of the LGBTIQ+ community, and to promote human rights, equal opportunities and freedom of choice.<\/p>\n<p style=\"text-align: left;\"><!-- \/divi:paragraph --><\/p>\n<p style=\"text-align: left;\"><!-- divi:image --><\/p>\n<p style=\"text-align: left;\"><!-- \/divi:image --><\/p>\n<p style=\"text-align: left;\"><!-- divi:image --><\/p>\n<p style=\"text-align: left;\"><!-- \/divi:image --><\/p>\n<p style=\"text-align: left;\"><!-- divi:heading {\"level\":4} --><\/p>\n<p><!-- \/divi:paragraph --><\/p>\n<p>[\/et_pb_text][\/et_pb_column][\/et_pb_row][et_pb_row column_structure=&#8221;1_2,1_2&#8243; _builder_version=&#8221;4.17.6&#8243; background_enable_color=&#8221;off&#8221; background_size=&#8221;initial&#8221; background_position=&#8221;top_left&#8221; background_repeat=&#8221;repeat&#8221; custom_padding=&#8221;|20px||20px|false|false&#8221; global_colors_info=&#8221;{}&#8221;][et_pb_column type=&#8221;1_2&#8243; _builder_version=&#8221;4.16&#8243; custom_padding=&#8221;|||&#8221; global_colors_info=&#8221;{}&#8221; custom_padding__hover=&#8221;|||&#8221;][et_pb_text _builder_version=&#8221;4.17.6&#8243; text_text_color=&#8221;#000000&#8243; text_font_size=&#8221;15px&#8221; header_text_color=&#8221;#C02A69&#8243; background_enable_color=&#8221;off&#8221; background_size=&#8221;initial&#8221; background_position=&#8221;top_left&#8221; background_repeat=&#8221;repeat&#8221; custom_padding=&#8221;|||20px|false|false&#8221; hover_enabled=&#8221;0&#8243; global_colors_info=&#8221;{}&#8221; sticky_enabled=&#8221;0&#8243;]<\/p>\n<p><!-- divi:heading {\"level\":4} --><\/p>\n<h1 style=\"text-align: left;\">Representation of interests of LGBTIQ + youth and more:<\/h1>\n<p style=\"text-align: left;\"><!-- \/divi:heading --><\/p>\n<p><span style=\"font-weight: 400;\">As an association, Ljubljana Pride Association represents a marginalized social group of young LGBTIQ+ people, and articulates their needs in society. As the organizer of the annual Pride Parade, it also assumes the role of articulating the broader social interests and rights of the LGBTIQ + community in Slovenia. It is positioned as an organization that fights all forms of racism, discrimination, homophobia and other social formations based on subjugation.<\/span><\/p>\n<p style=\"text-align: left;\"><!-- \/divi:paragraph --><\/p>\n<p style=\"text-align: left;\"><!-- divi:image --><\/p>\n<p style=\"text-align: left;\"><!-- \/divi:image --><\/p>\n<p style=\"text-align: left;\"><!-- divi:image --><\/p>\n<p style=\"text-align: left;\"><!-- \/divi:image --><\/p>\n<p style=\"text-align: left;\"><!-- divi:heading {\"level\":4} --><\/p>\n<p><!-- \/divi:paragraph --><\/p>\n<p>[\/et_pb_text][\/et_pb_column][et_pb_column type=&#8221;1_2&#8243; _builder_version=&#8221;4.16&#8243; custom_padding=&#8221;|||&#8221; global_colors_info=&#8221;{}&#8221; custom_padding__hover=&#8221;|||&#8221;][et_pb_image src=&#8221;https:\/\/ljubljanapride.org\/wp-content\/uploads\/2021\/09\/231098190_4209124899122594_8719298146816140312_n.jpg&#8221; title_text=&#8221;231098190_4209124899122594_8719298146816140312_n&#8221; _builder_version=&#8221;4.17.6&#8243; _module_preset=&#8221;default&#8221; custom_padding=&#8221;|20px|||false|false&#8221; border_radii=&#8221;off|30px||30px|30px&#8221; global_colors_info=&#8221;{}&#8221;][\/et_pb_image][\/et_pb_column][\/et_pb_row][et_pb_row column_structure=&#8221;1_2,1_2&#8243; _builder_version=&#8221;4.17.6&#8243; background_enable_color=&#8221;off&#8221; background_size=&#8221;initial&#8221; background_position=&#8221;top_left&#8221; background_repeat=&#8221;repeat&#8221; custom_padding=&#8221;|20px||20px|false|false&#8221; global_colors_info=&#8221;{}&#8221;][et_pb_column type=&#8221;1_2&#8243; _builder_version=&#8221;4.16&#8243; custom_padding=&#8221;|||&#8221; global_colors_info=&#8221;{}&#8221; custom_padding__hover=&#8221;|||&#8221;][et_pb_image src=&#8221;https:\/\/ljubljanapride.org\/wp-content\/uploads\/2022\/08\/285745649_5195962257105515_5876621825763880560_n.jpg&#8221; title_text=&#8221;285745649_5195962257105515_5876621825763880560_n&#8221; _builder_version=&#8221;4.17.6&#8243; _module_preset=&#8221;default&#8221; custom_padding=&#8221;|20px|||false|false&#8221; border_radii=&#8221;off||30px|30px|30px&#8221; global_colors_info=&#8221;{}&#8221;][\/et_pb_image][\/et_pb_column][et_pb_column type=&#8221;1_2&#8243; _builder_version=&#8221;4.16&#8243; custom_padding=&#8221;|||&#8221; global_colors_info=&#8221;{}&#8221; custom_padding__hover=&#8221;|||&#8221;][et_pb_text _builder_version=&#8221;4.17.6&#8243; text_text_color=&#8221;#000000&#8243; text_font_size=&#8221;15px&#8221; header_text_color=&#8221;#C02A69&#8243; background_size=&#8221;initial&#8221; background_position=&#8221;top_left&#8221; background_repeat=&#8221;repeat&#8221; custom_padding=&#8221;|||20px|false|false&#8221; hover_enabled=&#8221;0&#8243; global_colors_info=&#8221;{}&#8221; sticky_enabled=&#8221;0&#8243;]<\/p>\n<p><!-- divi:heading {\"level\":4} --><\/p>\n<h1 style=\"text-align: left;\">Mobilization and volunteering:<\/h1>\n<p style=\"text-align: left;\"><!-- \/divi:heading --><\/p>\n<p><span style=\"font-weight: 400;\">Since its beginning, the association has been working exclusively with the help of volunteer work, so the management structure as the bearers of the whole program and activities are the volunteers. More than 100 young volunteers are involved in the Festival.<\/span><\/p>\n<p style=\"text-align: left;\"><!-- \/divi:paragraph --><\/p>\n<p style=\"text-align: left;\"><!-- divi:image --><\/p>\n<p style=\"text-align: left;\"><!-- \/divi:image --><\/p>\n<p style=\"text-align: left;\"><!-- divi:image --><\/p>\n<p style=\"text-align: left;\"><!-- \/divi:image --><\/p>\n<p style=\"text-align: left;\"><!-- divi:heading {\"level\":4} --><\/p>\n<p><!-- \/divi:paragraph --><\/p>\n<p>[\/et_pb_text][\/et_pb_column][\/et_pb_row][\/et_pb_section]<\/p>\n","protected":false},"excerpt":{"rendered":"<p>Purpose: The Purpose of the Ljubljana Pride Association is to contribute to the establishment of a society that will be non-discriminatory, inclusive and open to all individuals, regardless of their [&hellip;]<\/p>\n","protected":false},"author":8,"featured_media":0,"parent":0,"menu_order":1,"comment_status":"closed","ping_status":"closed","template":"","meta":{"_et_pb_use_builder":"on","_et_pb_old_content":"<!-- wp:heading {\"level\":4} -->\n<h4>Namen:<\/h4>\n<!-- \/wp:heading -->\n\n<!-- wp:paragraph -->\n<p>Namen Dru\u0161tva Parada ponosa je prispevati k vzpostavitvi dru\u017ebe, ki bo nediskriminatorna, vklju\u010dujo\u010da in odprta do vseh posameznic_kov, ne glede na njihov spol, spolno usmerjenost, spolno identiteto ali katerokoli drugo osebno okoli\u0161\u010dino. Ustanovljeno je z namenom uresni\u010devanja \u010dlovekovih pravic in interesov lezbi\u010dne, gejevske, biseksualne, transspolne, interspolne in queer (v nadaljevanju LGBTIQ) populacije. Dru\u0161tvo deluje kot mladinska, prostovoljska, samostojna in nepridobitna organizacija civilne dru\u017ebe.<\/p>\n<!-- \/wp:paragraph -->\n\n<!-- wp:image -->\n<figure class=\"wp-block-image\"><img src=\"https:\/\/ljubljanapride.org\/wp-content\/uploads\/2018\/07\/19441735_1331013243600455_6816456395040703788_o.jpg\" alt=\"Namen:\"\/><\/figure>\n<!-- \/wp:image -->\n\n<!-- wp:image -->\n<figure class=\"wp-block-image\"><img src=\"https:\/\/ljubljanapride.org\/wp-content\/uploads\/2018\/01\/parada-2019-1.jpg\" alt=\"Festival Parada ponosa:\"\/><\/figure>\n<!-- \/wp:image -->\n\n<!-- wp:heading {\"level\":4} -->\n<h4>Festival Parada ponosa:<\/h4>\n<!-- \/wp:heading -->\n\n<!-- wp:paragraph -->\n<p>Od leta 2009 organizira Parado ponosa v Ljubljani, katera se je v zadnjih letih razvila v kulturno-politi\u010dni festival mednarodnih razse\u017enosti. Festival Parada ponosa je festival LGBTIQ+ kulture z izrazito politi\u010dno noto. Zaklju\u010di se z vsakoletno Parado ponosa, ki je protestni pohod po Ljubljani. Zaklju\u010di se z javno predstavitvijo politi\u010dnih zahtev LGBTIQ+ skupnosti v Sloveniji v odnosu do nosilcev dru\u017ebene mo\u010di, institucij in \u0161ir\u0161e dru\u017ebe. Je javna manifestacija namenjena preboju molka, uporu proti potiskanju homoseksualnosti med \u0161tiri stene, namenjena je zasedbi javnega prostora, predstavitvi \u017eivljenja in dela LGBTIQ+ skupnosti, promociji \u010dlovekovih pravic, enakih mo\u017enosti in svobodi izbire.<\/p>\n<!-- \/wp:paragraph -->\n\n<!-- wp:heading {\"level\":4} -->\n<h4>Zastopanje interesov LGBTIQ+ mladih in \u0161ir\u0161e:<\/h4>\n<!-- \/wp:heading -->\n\n<!-- wp:paragraph -->\n<p>Kot organizacija, dru\u0161tvo zastopa marginalizirano dru\u017ebeno skupino - mlade LGBTIQ+ osebe, ter v dru\u017ebi artikulira njihove potrebe. Kot organizator vsakoletne Parade ponosa pa prevzema tudi vlogo artikuliranja \u0161ir\u0161ih dru\u017ebenih interesov in pravic LGBTIQ+ skupnosti v Sloveniji. Jasno se pozicionira kot organizacija, ki se bori proti vsem oblikam rasizma, diskriminacije, homofobije in drugim dru\u017ebenim manifestacijam temelje\u010dim na vzpostavljanu hierarhije med ljudmi.&nbsp;<\/p>\n<!-- \/wp:paragraph -->\n\n<!-- wp:image -->\n<figure class=\"wp-block-image\"><img src=\"https:\/\/ljubljanapride.org\/wp-content\/uploads\/2017\/04\/Zgrabi-sov.-gov.-za-roge.jpg\" alt=\"Zastopanje interesov LGBTIQ+ mladih in \u0161ir\u0161e:\"\/><\/figure>\n<!-- \/wp:image -->\n\n<!-- wp:image -->\n<figure class=\"wp-block-image\"><img src=\"https:\/\/ljubljanapride.org\/wp-content\/uploads\/2018\/02\/Ekipa-Parade-ponosa-.jpg\" alt=\"Mobilizacija in prostovoljstvo:\"\/><\/figure>\n<!-- \/wp:image -->\n\n<!-- wp:heading {\"level\":4} -->\n<h4>Mobilizacija in prostovoljstvo:<\/h4>\n<!-- \/wp:heading -->\n\n<!-- wp:paragraph -->\n<p>Dru\u0161tvo \u017ee od svojega za\u010detka deluje in ustvarja izklju\u010dno s pomo\u010djo prostovoljnega dela, tako vodstvene strukture kot nosilci celotnega programa in aktivnosti so prostovoljke_ci. V \u010dasu delovanja dru\u0161tva se je \u0161tevilo udele\u017eencev na Paradi ponosa pove\u010dalo od nekaj 100, na 1500 v letu 2016; ter od dobrih 300 udele\u017eencev na spremljajo\u010dih dogodkih na ve\u010d kot 2000 na Festivalu Parada ponosa 2016. Prav tako se v izvedbo Festivala vklju\u010di ve\u010d kot 100 mladih prostovoljk_cev.<\/p>\n<!-- \/wp:paragraph -->","_et_gb_content_width":"","footnotes":""},"class_list":["post-4430","page","type-page","status-publish","hentry"],"yoast_head":"<!-- This site is optimized with the Yoast SEO plugin v27.2 - https:\/\/yoast.com\/product\/yoast-seo-wordpress\/ -->\n<title>About the Association - Dru\u0161tvo Parada Ponosa<\/title>\n<meta name=\"robots\" content=\"index, follow, max-snippet:-1, max-image-preview:large, max-video-preview:-1\" \/>\n<link rel=\"canonical\" href=\"https:\/\/ljubljanapride.org\/en\/about-the-association\/\" \/>\n<meta property=\"og:locale\" content=\"en_US\" \/>\n<meta property=\"og:type\" content=\"article\" \/>\n<meta property=\"og:title\" content=\"About the Association - Dru\u0161tvo Parada Ponosa\" \/>\n<meta property=\"og:description\" content=\"Purpose: The Purpose of the Ljubljana Pride Association is to contribute to the establishment of a society that will be non-discriminatory, inclusive and open to all individuals, regardless of their [&hellip;]\" \/>\n<meta property=\"og:url\" content=\"https:\/\/ljubljanapride.org\/en\/about-the-association\/\" \/>\n<meta property=\"og:site_name\" content=\"Dru\u0161tvo Parada Ponosa\" \/>\n<meta property=\"article:publisher\" content=\"https:\/\/www.facebook.com\/LjubljanaPride\" \/>\n<meta property=\"article:modified_time\" content=\"2022-08-11T09:18:05+00:00\" \/>\n<meta name=\"twitter:card\" content=\"summary_large_image\" \/>\n<meta name=\"twitter:label1\" content=\"Est. reading time\" \/>\n\t<meta name=\"twitter:data1\" content=\"3 minutes\" \/>\n<script type=\"application\/ld+json\" class=\"yoast-schema-graph\">{\"@context\":\"https:\/\/schema.org\",\"@graph\":[{\"@type\":\"WebPage\",\"@id\":\"https:\/\/ljubljanapride.org\/en\/about-the-association\/\",\"url\":\"https:\/\/ljubljanapride.org\/en\/about-the-association\/\",\"name\":\"About the Association - Dru\u0161tvo Parada Ponosa\",\"isPartOf\":{\"@id\":\"https:\/\/ljubljanapride.org\/en\/#website\"},\"datePublished\":\"2020-11-12T14:51:01+00:00\",\"dateModified\":\"2022-08-11T09:18:05+00:00\",\"breadcrumb\":{\"@id\":\"https:\/\/ljubljanapride.org\/en\/about-the-association\/#breadcrumb\"},\"inLanguage\":\"en-US\",\"potentialAction\":[{\"@type\":\"ReadAction\",\"target\":[\"https:\/\/ljubljanapride.org\/en\/about-the-association\/\"]}]},{\"@type\":\"BreadcrumbList\",\"@id\":\"https:\/\/ljubljanapride.org\/en\/about-the-association\/#breadcrumb\",\"itemListElement\":[{\"@type\":\"ListItem\",\"position\":1,\"name\":\"Home\",\"item\":\"https:\/\/ljubljanapride.org\/en\/\"},{\"@type\":\"ListItem\",\"position\":2,\"name\":\"About the Association\"}]},{\"@type\":\"WebSite\",\"@id\":\"https:\/\/ljubljanapride.org\/en\/#website\",\"url\":\"https:\/\/ljubljanapride.org\/en\/\",\"name\":\"Dru\u0161tvo Parada Ponosa\",\"description\":\"Ljubljana Pride\",\"potentialAction\":[{\"@type\":\"SearchAction\",\"target\":{\"@type\":\"EntryPoint\",\"urlTemplate\":\"https:\/\/ljubljanapride.org\/en\/?s={search_term_string}\"},\"query-input\":{\"@type\":\"PropertyValueSpecification\",\"valueRequired\":true,\"valueName\":\"search_term_string\"}}],\"inLanguage\":\"en-US\"}]}<\/script>\n<!-- \/ Yoast SEO plugin. -->","yoast_head_json":{"title":"About the Association - Dru\u0161tvo Parada Ponosa","robots":{"index":"index","follow":"follow","max-snippet":"max-snippet:-1","max-image-preview":"max-image-preview:large","max-video-preview":"max-video-preview:-1"},"canonical":"https:\/\/ljubljanapride.org\/en\/about-the-association\/","og_locale":"en_US","og_type":"article","og_title":"About the Association - Dru\u0161tvo Parada Ponosa","og_description":"Purpose: The Purpose of the Ljubljana Pride Association is to contribute to the establishment of a society that will be non-discriminatory, inclusive and open to all individuals, regardless of their [&hellip;]","og_url":"https:\/\/ljubljanapride.org\/en\/about-the-association\/","og_site_name":"Dru\u0161tvo Parada Ponosa","article_publisher":"https:\/\/www.facebook.com\/LjubljanaPride","article_modified_time":"2022-08-11T09:18:05+00:00","twitter_card":"summary_large_image","twitter_misc":{"Est. reading time":"3 minutes"},"schema":{"@context":"https:\/\/schema.org","@graph":[{"@type":"WebPage","@id":"https:\/\/ljubljanapride.org\/en\/about-the-association\/","url":"https:\/\/ljubljanapride.org\/en\/about-the-association\/","name":"About the Association - Dru\u0161tvo Parada Ponosa","isPartOf":{"@id":"https:\/\/ljubljanapride.org\/en\/#website"},"datePublished":"2020-11-12T14:51:01+00:00","dateModified":"2022-08-11T09:18:05+00:00","breadcrumb":{"@id":"https:\/\/ljubljanapride.org\/en\/about-the-association\/#breadcrumb"},"inLanguage":"en-US","potentialAction":[{"@type":"ReadAction","target":["https:\/\/ljubljanapride.org\/en\/about-the-association\/"]}]},{"@type":"BreadcrumbList","@id":"https:\/\/ljubljanapride.org\/en\/about-the-association\/#breadcrumb","itemListElement":[{"@type":"ListItem","position":1,"name":"Home","item":"https:\/\/ljubljanapride.org\/en\/"},{"@type":"ListItem","position":2,"name":"About the Association"}]},{"@type":"WebSite","@id":"https:\/\/ljubljanapride.org\/en\/#website","url":"https:\/\/ljubljanapride.org\/en\/","name":"Dru\u0161tvo Parada Ponosa","description":"Ljubljana Pride","potentialAction":[{"@type":"SearchAction","target":{"@type":"EntryPoint","urlTemplate":"https:\/\/ljubljanapride.org\/en\/?s={search_term_string}"},"query-input":{"@type":"PropertyValueSpecification","valueRequired":true,"valueName":"search_term_string"}}],"inLanguage":"en-US"}]}},"_links":{"self":[{"href":"https:\/\/ljubljanapride.org\/en\/wp-json\/wp\/v2\/pages\/4430","targetHints":{"allow":["GET"]}}],"collection":[{"href":"https:\/\/ljubljanapride.org\/en\/wp-json\/wp\/v2\/pages"}],"about":[{"href":"https:\/\/ljubljanapride.org\/en\/wp-json\/wp\/v2\/types\/page"}],"author":[{"embeddable":true,"href":"https:\/\/ljubljanapride.org\/en\/wp-json\/wp\/v2\/users\/8"}],"replies":[{"embeddable":true,"href":"https:\/\/ljubljanapride.org\/en\/wp-json\/wp\/v2\/comments?post=4430"}],"version-history":[{"count":0,"href":"https:\/\/ljubljanapride.org\/en\/wp-json\/wp\/v2\/pages\/4430\/revisions"}],"wp:attachment":[{"href":"https:\/\/ljubljanapride.org\/en\/wp-json\/wp\/v2\/media?parent=4430"}],"curies":[{"name":"wp","href":"https:\/\/api.w.org\/{rel}","templated":true}]}}