{"id":675,"date":"2017-02-07T19:59:03","date_gmt":"2017-02-07T19:59:03","guid":{"rendered":"http:\/\/www.ljubljanapride.org\/zgodovina\/"},"modified":"2022-08-22T14:35:10","modified_gmt":"2022-08-22T12:35:10","slug":"zgodovina","status":"publish","type":"page","link":"https:\/\/ljubljanapride.org\/en\/zgodovina\/","title":{"rendered":"History"},"content":{"rendered":"<p>[et_pb_section fb_built=&#8221;1&#8243; _builder_version=&#8221;4.17.6&#8243; background_color=&#8221;#FFFFFF&#8221; background_enable_image=&#8221;off&#8221; parallax=&#8221;on&#8221; background_blend=&#8221;darken&#8221; global_colors_info=&#8221;{}&#8221;][et_pb_row column_structure=&#8221;1_2,1_2&#8243; _builder_version=&#8221;4.17.6&#8243; background_enable_color=&#8221;off&#8221; background_size=&#8221;initial&#8221; background_position=&#8221;top_left&#8221; background_repeat=&#8221;repeat&#8221; custom_padding=&#8221;|20px||20px|false|false&#8221; global_colors_info=&#8221;{}&#8221;][et_pb_column type=&#8221;1_2&#8243; _builder_version=&#8221;4.16&#8243; custom_padding=&#8221;|||&#8221; global_colors_info=&#8221;{}&#8221; custom_padding__hover=&#8221;|||&#8221;][et_pb_text _builder_version=&#8221;4.17.6&#8243; text_text_color=&#8221;#000000&#8243; text_font_size=&#8221;15px&#8221; header_text_color=&#8221;#c02a69&#8243; background_size=&#8221;initial&#8221; background_position=&#8221;top_left&#8221; background_repeat=&#8221;repeat&#8221; custom_padding=&#8221;|||20px|false|false&#8221; hover_enabled=&#8221;0&#8243; global_colors_info=&#8221;{}&#8221; sticky_enabled=&#8221;0&#8243;]<\/p>\n<p><!-- divi:heading {\"level\":4} --><\/p>\n<h1><b>History of Pride<\/b><\/h1>\n<h4><b>Stonewall Inn riots<\/b><\/h4>\n<p><span style=\"font-weight: 400;\">The first pride parades were a commemoration of the 1969 Stonewall Inn riots, a protest of LGBT people against police raids and violence against trans and gay people, that was commonplace at the time.<\/span><\/p>\n<p><span style=\"font-weight: 400;\">In the morning hours of 28 June 1969, the police came into Stonewall Inn, a bar in New York, to conduct a routine raid among the visitors, who were mostly LGBT. The raid procedure was the following: close premises, place visitors in a row, arrest men dressed in women&#8217;s clothes, verify their identity.<\/span><\/p>\n<p><span style=\"font-weight: 400;\">But that raid turned out otherwise. The bar patrons who were released and by-standers gathered in crowds in front of the bar and the confrontation of the arrested patrons with the police created a riot.<\/span><\/p>\n<p><span style=\"font-weight: 400;\">This marks one of the first uprisings of the LGBT community and its supporters against police violence. In the following years, the number of activists who celebrated the memory of these events grew. Today, the pride parades take place across the globe.<\/span><\/p>\n<p style=\"text-align: left;\"><!-- \/divi:paragraph --><\/p>\n<p style=\"text-align: left;\"><!-- divi:image --><\/p>\n<p style=\"text-align: left;\"><!-- \/divi:image --><\/p>\n<p style=\"text-align: left;\"><!-- divi:image --><\/p>\n<p style=\"text-align: left;\"><!-- \/divi:image --><\/p>\n<p style=\"text-align: left;\"><!-- divi:heading {\"level\":4} --><\/p>\n<p><!-- \/divi:paragraph --><\/p>\n<p>[\/et_pb_text][\/et_pb_column][et_pb_column type=&#8221;1_2&#8243; _builder_version=&#8221;4.16&#8243; custom_padding=&#8221;|||&#8221; global_colors_info=&#8221;{}&#8221; custom_padding__hover=&#8221;|||&#8221;][et_pb_image src=&#8221;https:\/\/ljubljanapride.org\/wp-content\/uploads\/2020\/11\/Stonewall_01_2500-1200&#215;800-1.jpg&#8221; title_text=&#8221;Stonewall_01_2500-1200&#215;800&#8243; _builder_version=&#8221;4.17.6&#8243; _module_preset=&#8221;default&#8221; custom_padding=&#8221;|20px|||false|false&#8221; border_radii=&#8221;off|30px||30px|30px&#8221; global_colors_info=&#8221;{}&#8221;][\/et_pb_image][\/et_pb_column][\/et_pb_row][et_pb_row column_structure=&#8221;2_5,3_5&#8243; _builder_version=&#8221;4.17.6&#8243; background_enable_color=&#8221;off&#8221; background_size=&#8221;initial&#8221; background_position=&#8221;top_left&#8221; background_repeat=&#8221;repeat&#8221; custom_padding=&#8221;|20px||20px|false|false&#8221; global_colors_info=&#8221;{}&#8221;][et_pb_column type=&#8221;2_5&#8243; _builder_version=&#8221;4.16&#8243; custom_padding=&#8221;|||&#8221; global_colors_info=&#8221;{}&#8221; custom_padding__hover=&#8221;|||&#8221;][et_pb_image src=&#8221;https:\/\/ljubljanapride.org\/wp-content\/uploads\/2017\/03\/racun.jpg&#8221; title_text=&#8221;racun&#8221; align=&#8221;center&#8221; _builder_version=&#8221;4.17.6&#8243; _module_preset=&#8221;default&#8221; custom_padding=&#8221;|20px|||false|false&#8221; border_radii=&#8221;off|30px||30px|30px&#8221; global_colors_info=&#8221;{}&#8221;][\/et_pb_image][\/et_pb_column][et_pb_column type=&#8221;3_5&#8243; _builder_version=&#8221;4.16&#8243; custom_padding=&#8221;|||&#8221; global_colors_info=&#8221;{}&#8221; custom_padding__hover=&#8221;|||&#8221;][et_pb_text _builder_version=&#8221;4.17.6&#8243; text_text_color=&#8221;#000000&#8243; text_font_size=&#8221;15px&#8221; header_text_color=&#8221;#C02A69&#8243; background_enable_color=&#8221;off&#8221; background_size=&#8221;initial&#8221; background_position=&#8221;top_left&#8221; background_repeat=&#8221;repeat&#8221; custom_padding=&#8221;|||20px|false|false&#8221; hover_enabled=&#8221;0&#8243; global_colors_info=&#8221;{}&#8221; sticky_enabled=&#8221;0&#8243;]<\/p>\n<p><!-- divi:heading {\"level\":4} --><\/p>\n<h4><b>History of Pride in Slovenia<\/b><\/h4>\n<p><span style=\"font-weight: 400;\">The first pride parade in Slovenia was organised in response to the events in Caf\u00e9 Galerija in the center of Ljubljana. On 8 June 2001, the poets Brane Mozeti\u010d and Jean-Paul Daoust were prevented from entering the caf\u00e9 with the explanation that they are not welcome there because of their sexual orientation. After the goverment did not condemn the act, people gathered and started the a protest. Over the next few Fridays, they would meet in a cafe, occupy vacant tables, order mineral water and drink it as slowly as possible with the goal of reducing the owner&#8217;s profit.<\/span><\/p>\n<p><span style=\"font-weight: 400;\">A month later, the protest was followed by demonstration \u201cBypass against intolerance\u201d organised by LGBT activists and supporters. That 6 July 2001, would later be remembered as the first annual Ljubljana Pride.<\/span><\/p>\n<p style=\"text-align: left;\"><!-- \/divi:paragraph --><\/p>\n<p style=\"text-align: left;\"><!-- divi:image --><\/p>\n<p style=\"text-align: left;\"><!-- \/divi:image --><\/p>\n<p style=\"text-align: left;\"><!-- divi:image --><\/p>\n<p style=\"text-align: left;\"><!-- \/divi:image --><\/p>\n<p style=\"text-align: left;\"><!-- divi:heading {\"level\":4} --><\/p>\n<p><!-- \/divi:paragraph --><\/p>\n<p>[\/et_pb_text][\/et_pb_column][\/et_pb_row][\/et_pb_section]<\/p>\n","protected":false},"excerpt":{"rendered":"<p>History of Pride Stonewall Inn riots The first pride parades were a commemoration of the 1969 Stonewall Inn riots, a protest of LGBT people against police raids and violence against [&hellip;]<\/p>\n","protected":false},"author":12,"featured_media":0,"parent":0,"menu_order":0,"comment_status":"closed","ping_status":"closed","template":"","meta":{"_et_pb_use_builder":"on","_et_pb_old_content":"[et_pb_section fb_built=\"1\" _builder_version=\"4.17.6\" background_color=\"#FFFFFF\" background_enable_image=\"off\" parallax=\"on\" background_blend=\"darken\" global_colors_info=\"{}\" theme_builder_area=\"post_content\"][et_pb_row column_structure=\"1_2,1_2\" _builder_version=\"4.17.6\" background_enable_color=\"off\" background_size=\"initial\" background_position=\"top_left\" background_repeat=\"repeat\" custom_padding=\"|20px||20px|false|false\" global_colors_info=\"{}\" theme_builder_area=\"post_content\"][et_pb_column type=\"1_2\" _builder_version=\"4.16\" custom_padding=\"|||\" global_colors_info=\"{}\" custom_padding__hover=\"|||\" theme_builder_area=\"post_content\"][et_pb_text _builder_version=\"4.17.6\" text_text_color=\"#000000\" text_font_size=\"15px\" header_text_color=\"#c02a69\" background_size=\"initial\" background_position=\"top_left\" background_repeat=\"repeat\" custom_padding=\"|||20px|false|false\" hover_enabled=\"0\" global_colors_info=\"{}\" theme_builder_area=\"post_content\" sticky_enabled=\"0\"]\n\n<!-- divi:heading {\"level\":4} -->\n<h1><b>History of Pride<\/b><\/h1>\n<h4><b>Stonewall Inn riots<\/b><\/h4>\n<span style=\"font-weight: 400;\">The first pride parades were a commemoration of the 1969 Stonewall Inn riots, a protest of LGBT people against police raids and violence against trans and gay people, that was commonplace at the time.<\/span>\n\n<span style=\"font-weight: 400;\">In the morning hours of 28 June 1969, the police came into Stonewall Inn, a bar in New York, to conduct a routine raid among the visitors, who were mostly LGBT. The raid procedure was the following: close premises, place visitors in a row, arrest men dressed in women's clothes, verify their identity.<\/span>\n\n<span style=\"font-weight: 400;\">But that raid turned out otherwise. The bar patrons who were released and by-standers gathered in crowds in front of the bar and the confrontation of the arrested patrons with the police created a riot.<\/span>\n\n<span style=\"font-weight: 400;\">This marks one of the first uprisings of the LGBT community and its supporters against police violence. In the following years, the number of activists who celebrated the memory of these events grew. Today, the pride parades take place across the globe.<\/span>\n<p style=\"text-align: left;\"><!-- \/divi:paragraph --><\/p>\n<p style=\"text-align: left;\"><!-- divi:image --><\/p>\n<p style=\"text-align: left;\"><!-- \/divi:image --><\/p>\n<p style=\"text-align: left;\"><!-- divi:image --><\/p>\n<p style=\"text-align: left;\"><!-- \/divi:image --><\/p>\n<p style=\"text-align: left;\"><!-- divi:heading {\"level\":4} --><\/p>\n<!-- \/divi:paragraph -->\n\n[\/et_pb_text][\/et_pb_column][et_pb_column type=\"1_2\" _builder_version=\"4.16\" custom_padding=\"|||\" global_colors_info=\"{}\" custom_padding__hover=\"|||\" theme_builder_area=\"post_content\"][et_pb_image src=\"https:\/\/ljubljanapride.org\/wp-content\/uploads\/2020\/11\/Stonewall_01_2500-1200x800-1.jpg\" title_text=\"Stonewall_01_2500-1200x800\" _builder_version=\"4.17.6\" _module_preset=\"default\" custom_padding=\"|20px|||false|false\" hover_enabled=\"0\" border_radii=\"off|30px||30px|30px\" global_colors_info=\"{}\" theme_builder_area=\"post_content\" sticky_enabled=\"0\"][\/et_pb_image][\/et_pb_column][\/et_pb_row][et_pb_row column_structure=\"2_5,3_5\" _builder_version=\"4.17.6\" background_enable_color=\"off\" background_size=\"initial\" background_position=\"top_left\" background_repeat=\"repeat\" custom_padding=\"|20px||20px|false|false\" hover_enabled=\"0\" global_colors_info=\"{}\" theme_builder_area=\"post_content\" sticky_enabled=\"0\"][et_pb_column type=\"2_5\" _builder_version=\"4.16\" custom_padding=\"|||\" global_colors_info=\"{}\" custom_padding__hover=\"|||\" theme_builder_area=\"post_content\"][et_pb_image src=\"https:\/\/ljubljanapride.org\/wp-content\/uploads\/2017\/03\/racun.jpg\" title_text=\"racun\" _builder_version=\"4.17.6\" _module_preset=\"default\" custom_padding=\"|20px|||false|false\" hover_enabled=\"0\" border_radii=\"off|30px||30px|30px\" global_colors_info=\"{}\" theme_builder_area=\"post_content\" sticky_enabled=\"0\" align=\"center\"][\/et_pb_image][\/et_pb_column][et_pb_column type=\"3_5\" _builder_version=\"4.16\" custom_padding=\"|||\" global_colors_info=\"{}\" custom_padding__hover=\"|||\" theme_builder_area=\"post_content\"][et_pb_text _builder_version=\"4.17.6\" text_text_color=\"#000000\" text_font_size=\"15px\" header_text_color=\"#C02A69\" background_enable_color=\"off\" background_size=\"initial\" background_position=\"top_left\" background_repeat=\"repeat\" custom_padding=\"|||20px|false|false\" hover_enabled=\"0\" global_colors_info=\"{}\" theme_builder_area=\"post_content\" sticky_enabled=\"0\"]\n\n<!-- divi:heading {\"level\":4} -->\n\n<b>History of Pride in Slovenia<\/b>\n\n<span style=\"font-weight: 400;\">The first pride parade in Slovenia was organised in response to the events in Caf\u00e9 Galerija in the center of Ljubljana. On 8 June 2001, the poets Brane Mozeti\u010d and Jean-Paul Daoust were prevented from entering the caf\u00e9 with the explanation that they are not welcome there because of their sexual orientation. After the goverment did not condemn the act, people gathered and started the a protest. Over the next few Fridays, they would meet in a cafe, occupy vacant tables, order mineral water and drink it as slowly as possible with the goal of reducing the owner's profit.<\/span>\n\n<span style=\"font-weight: 400;\">A month later, the protest was followed by demonstration \u201cBypass against intolerance\u201d organised by LGBT activists and supporters. That 6 July 2001, would later be remembered as the first annual Ljubljana Pride.<\/span>\n<p style=\"text-align: left;\"><!-- \/divi:paragraph --><\/p>\n<p style=\"text-align: left;\"><!-- divi:image --><\/p>\n<p style=\"text-align: left;\"><!-- \/divi:image --><\/p>\n<p style=\"text-align: left;\"><!-- divi:image --><\/p>\n<p style=\"text-align: left;\"><!-- \/divi:image --><\/p>\n<p style=\"text-align: left;\"><!-- divi:heading {\"level\":4} --><\/p>\n<!-- \/divi:paragraph -->\n\n[\/et_pb_text][\/et_pb_column][\/et_pb_row][\/et_pb_section]","_et_gb_content_width":"1080","footnotes":""},"class_list":["post-675","page","type-page","status-publish","hentry"],"yoast_head":"<!-- This site is optimized with the Yoast SEO plugin v27.2 - https:\/\/yoast.com\/product\/yoast-seo-wordpress\/ -->\n<title>History - Dru\u0161tvo Parada Ponosa<\/title>\n<meta name=\"robots\" content=\"index, follow, max-snippet:-1, max-image-preview:large, max-video-preview:-1\" \/>\n<link rel=\"canonical\" href=\"https:\/\/ljubljanapride.org\/en\/zgodovina\/\" \/>\n<meta property=\"og:locale\" content=\"en_US\" \/>\n<meta property=\"og:type\" content=\"article\" \/>\n<meta property=\"og:title\" content=\"History - Dru\u0161tvo Parada Ponosa\" \/>\n<meta property=\"og:description\" content=\"History of Pride Stonewall Inn riots The first pride parades were a commemoration of the 1969 Stonewall Inn riots, a protest of LGBT people against police raids and violence against [&hellip;]\" \/>\n<meta property=\"og:url\" content=\"https:\/\/ljubljanapride.org\/en\/zgodovina\/\" \/>\n<meta property=\"og:site_name\" content=\"Dru\u0161tvo Parada Ponosa\" \/>\n<meta property=\"article:publisher\" content=\"https:\/\/www.facebook.com\/LjubljanaPride\" \/>\n<meta property=\"article:modified_time\" content=\"2022-08-22T12:35:10+00:00\" \/>\n<meta name=\"twitter:card\" content=\"summary_large_image\" \/>\n<meta name=\"twitter:label1\" content=\"Est. reading time\" \/>\n\t<meta name=\"twitter:data1\" content=\"3 minutes\" \/>\n<script type=\"application\/ld+json\" class=\"yoast-schema-graph\">{\"@context\":\"https:\/\/schema.org\",\"@graph\":[{\"@type\":\"WebPage\",\"@id\":\"https:\/\/ljubljanapride.org\/en\/zgodovina\/\",\"url\":\"https:\/\/ljubljanapride.org\/en\/zgodovina\/\",\"name\":\"History - Dru\u0161tvo Parada Ponosa\",\"isPartOf\":{\"@id\":\"https:\/\/ljubljanapride.org\/en\/#website\"},\"datePublished\":\"2017-02-07T19:59:03+00:00\",\"dateModified\":\"2022-08-22T12:35:10+00:00\",\"breadcrumb\":{\"@id\":\"https:\/\/ljubljanapride.org\/en\/zgodovina\/#breadcrumb\"},\"inLanguage\":\"en-US\",\"potentialAction\":[{\"@type\":\"ReadAction\",\"target\":[\"https:\/\/ljubljanapride.org\/en\/zgodovina\/\"]}]},{\"@type\":\"BreadcrumbList\",\"@id\":\"https:\/\/ljubljanapride.org\/en\/zgodovina\/#breadcrumb\",\"itemListElement\":[{\"@type\":\"ListItem\",\"position\":1,\"name\":\"Home\",\"item\":\"https:\/\/ljubljanapride.org\/en\/\"},{\"@type\":\"ListItem\",\"position\":2,\"name\":\"History\"}]},{\"@type\":\"WebSite\",\"@id\":\"https:\/\/ljubljanapride.org\/en\/#website\",\"url\":\"https:\/\/ljubljanapride.org\/en\/\",\"name\":\"Dru\u0161tvo Parada Ponosa\",\"description\":\"Ljubljana Pride\",\"potentialAction\":[{\"@type\":\"SearchAction\",\"target\":{\"@type\":\"EntryPoint\",\"urlTemplate\":\"https:\/\/ljubljanapride.org\/en\/?s={search_term_string}\"},\"query-input\":{\"@type\":\"PropertyValueSpecification\",\"valueRequired\":true,\"valueName\":\"search_term_string\"}}],\"inLanguage\":\"en-US\"}]}<\/script>\n<!-- \/ Yoast SEO plugin. -->","yoast_head_json":{"title":"History - Dru\u0161tvo Parada Ponosa","robots":{"index":"index","follow":"follow","max-snippet":"max-snippet:-1","max-image-preview":"max-image-preview:large","max-video-preview":"max-video-preview:-1"},"canonical":"https:\/\/ljubljanapride.org\/en\/zgodovina\/","og_locale":"en_US","og_type":"article","og_title":"History - Dru\u0161tvo Parada Ponosa","og_description":"History of Pride Stonewall Inn riots The first pride parades were a commemoration of the 1969 Stonewall Inn riots, a protest of LGBT people against police raids and violence against [&hellip;]","og_url":"https:\/\/ljubljanapride.org\/en\/zgodovina\/","og_site_name":"Dru\u0161tvo Parada Ponosa","article_publisher":"https:\/\/www.facebook.com\/LjubljanaPride","article_modified_time":"2022-08-22T12:35:10+00:00","twitter_card":"summary_large_image","twitter_misc":{"Est. reading time":"3 minutes"},"schema":{"@context":"https:\/\/schema.org","@graph":[{"@type":"WebPage","@id":"https:\/\/ljubljanapride.org\/en\/zgodovina\/","url":"https:\/\/ljubljanapride.org\/en\/zgodovina\/","name":"History - Dru\u0161tvo Parada Ponosa","isPartOf":{"@id":"https:\/\/ljubljanapride.org\/en\/#website"},"datePublished":"2017-02-07T19:59:03+00:00","dateModified":"2022-08-22T12:35:10+00:00","breadcrumb":{"@id":"https:\/\/ljubljanapride.org\/en\/zgodovina\/#breadcrumb"},"inLanguage":"en-US","potentialAction":[{"@type":"ReadAction","target":["https:\/\/ljubljanapride.org\/en\/zgodovina\/"]}]},{"@type":"BreadcrumbList","@id":"https:\/\/ljubljanapride.org\/en\/zgodovina\/#breadcrumb","itemListElement":[{"@type":"ListItem","position":1,"name":"Home","item":"https:\/\/ljubljanapride.org\/en\/"},{"@type":"ListItem","position":2,"name":"History"}]},{"@type":"WebSite","@id":"https:\/\/ljubljanapride.org\/en\/#website","url":"https:\/\/ljubljanapride.org\/en\/","name":"Dru\u0161tvo Parada Ponosa","description":"Ljubljana Pride","potentialAction":[{"@type":"SearchAction","target":{"@type":"EntryPoint","urlTemplate":"https:\/\/ljubljanapride.org\/en\/?s={search_term_string}"},"query-input":{"@type":"PropertyValueSpecification","valueRequired":true,"valueName":"search_term_string"}}],"inLanguage":"en-US"}]}},"_links":{"self":[{"href":"https:\/\/ljubljanapride.org\/en\/wp-json\/wp\/v2\/pages\/675","targetHints":{"allow":["GET"]}}],"collection":[{"href":"https:\/\/ljubljanapride.org\/en\/wp-json\/wp\/v2\/pages"}],"about":[{"href":"https:\/\/ljubljanapride.org\/en\/wp-json\/wp\/v2\/types\/page"}],"author":[{"embeddable":true,"href":"https:\/\/ljubljanapride.org\/en\/wp-json\/wp\/v2\/users\/12"}],"replies":[{"embeddable":true,"href":"https:\/\/ljubljanapride.org\/en\/wp-json\/wp\/v2\/comments?post=675"}],"version-history":[{"count":0,"href":"https:\/\/ljubljanapride.org\/en\/wp-json\/wp\/v2\/pages\/675\/revisions"}],"wp:attachment":[{"href":"https:\/\/ljubljanapride.org\/en\/wp-json\/wp\/v2\/media?parent=675"}],"curies":[{"name":"wp","href":"https:\/\/api.w.org\/{rel}","templated":true}]}}