{"id":681,"date":"2017-02-07T19:59:53","date_gmt":"2017-02-07T19:59:53","guid":{"rendered":"http:\/\/www.ljubljanapride.org\/podpri-nas\/"},"modified":"2022-08-15T11:53:20","modified_gmt":"2022-08-15T09:53:20","slug":"podpri-nas","status":"publish","type":"page","link":"https:\/\/ljubljanapride.org\/en\/podpri-nas\/","title":{"rendered":"Support us"},"content":{"rendered":"<p>[et_pb_section fb_built=&#8221;1&#8243; _builder_version=&#8221;4.17.6&#8243; _module_preset=&#8221;default&#8221; global_colors_info=&#8221;{}&#8221; theme_builder_area=&#8221;post_content&#8221;][et_pb_row column_structure=&#8221;3_5,2_5&#8243; _builder_version=&#8221;4.17.6&#8243; _module_preset=&#8221;default&#8221; global_colors_info=&#8221;{}&#8221; theme_builder_area=&#8221;post_content&#8221;][et_pb_column type=&#8221;3_5&#8243; _builder_version=&#8221;4.17.6&#8243; _module_preset=&#8221;default&#8221; global_colors_info=&#8221;{}&#8221; theme_builder_area=&#8221;post_content&#8221;][et_pb_text _builder_version=&#8221;4.17.6&#8243; _module_preset=&#8221;default&#8221; header_2_text_color=&#8221;#000000&#8243; header_2_font_size=&#8221;29px&#8221; header_2_line_height=&#8221;1.3em&#8221; header_4_text_color=&#8221;#000000&#8243; header_4_font_size=&#8221;20px&#8221; header_4_line_height=&#8221;1.3em&#8221; global_colors_info=&#8221;{}&#8221; theme_builder_area=&#8221;post_content&#8221;]<\/p>\n<h4><strong>Ste vedele_i, da lahko z delom dohodnine (do 1 %) <br \/><\/strong><strong>podprete delovanje Dru\u0161tva Parada ponosa?<\/strong><\/h4>\n<h2><strong>KAJ PODPRETE<\/strong> Z DONACIJO,<br \/>KI <strong>VAS NI\u010c NE STANE?<\/strong><\/h2>\n<p>[\/et_pb_text][et_pb_button button_url=&#8221;https:\/\/ljubljanapride.org\/wp-content\/uploads\/2022\/08\/Dohodnina-pdf.pdf&#8221; button_text=&#8221;PREBERITE TUKAJ&#8221; _builder_version=&#8221;4.17.6&#8243; _module_preset=&#8221;default&#8221; global_colors_info=&#8221;{}&#8221; theme_builder_area=&#8221;post_content&#8221;][\/et_pb_button][et_pb_image src=&#8221;https:\/\/ljubljanapride.org\/wp-content\/uploads\/2022\/08\/Screenshot-2022-08-15-114613.png&#8221; title_text=&#8221;Screenshot 2022-08-15 114613&#8243; _builder_version=&#8221;4.17.6&#8243; _module_preset=&#8221;default&#8221; global_colors_info=&#8221;{}&#8221; theme_builder_area=&#8221;post_content&#8221;][\/et_pb_image][et_pb_code _builder_version=&#8221;4.17.6&#8243; _module_preset=&#8221;default&#8221; global_colors_info=&#8221;{}&#8221; theme_builder_area=&#8221;post_content&#8221;]<iframe loading=\"lazy\" id=\"enprocent_iframe\" frameborder=\"0\" width=\"800\" height=\"600\" style=\"max-width:100%;\" src=\"https:\/\/www.cnvos.si\/enprocent\/embed\/v2\/?address=Dunajska%20cesta%2010&#038;city=Ljubljana&#038;name=DRU%C5%A0TVO%20PARADA%20PONOSA&#038;percent=1.0&#038;postalCode=1000&#038;taxNumber=50719459\"><\/iframe><script src=\"https:\/\/cdnjs.cloudflare.com\/ajax\/libs\/iframe-resizer\/4.3.2\/iframeResizer.min.js\"><\/script><script>iFrameResize({checkOrigin:false},'#enprocent_iframe');<\/script>[\/et_pb_code][\/et_pb_column][et_pb_column type=&#8221;2_5&#8243; _builder_version=&#8221;4.17.6&#8243; _module_preset=&#8221;default&#8221; global_colors_info=&#8221;{}&#8221; theme_builder_area=&#8221;post_content&#8221;][et_pb_image src=&#8221;https:\/\/ljubljanapride.org\/wp-content\/uploads\/2022\/08\/PayPal-Express.png&#8221; title_text=&#8221;PayPal-Express&#8221; url=&#8221;https:\/\/www.paypal.com\/donate\/?hosted_button_id=W2Z4AXNNYHBLS&#8221; _builder_version=&#8221;4.17.6&#8243; _module_preset=&#8221;default&#8221; box_shadow_style=&#8221;preset1&#8243; global_colors_info=&#8221;{}&#8221; theme_builder_area=&#8221;post_content&#8221;][\/et_pb_image][et_pb_button button_url=&#8221;https:\/\/www.paypal.com\/donate\/?hosted_button_id=W2Z4AXNNYHBLS&#8221; button_text=&#8221;DONIRAJ PREKO PAYPALA&#8221; _builder_version=&#8221;4.17.6&#8243; _module_preset=&#8221;default&#8221; global_colors_info=&#8221;{}&#8221; theme_builder_area=&#8221;post_content&#8221;][\/et_pb_button][et_pb_text _builder_version=&#8221;4.17.6&#8243; _module_preset=&#8221;default&#8221; header_line_height=&#8221;1.3em&#8221; custom_padding=&#8221;19px|19px|19px|19px|true|true&#8221; border_radii=&#8221;on|8px|8px|8px|8px&#8221; box_shadow_style=&#8221;preset3&#8243; global_colors_info=&#8221;{}&#8221; theme_builder_area=&#8221;post_content&#8221;]<\/p>\n<h2><strong>DONIRAJ PREKO TRR<\/strong><\/h2>\n<p><strong>Dru\u0161tvo Parada ponosa<\/strong><\/p>\n<p>Dunajska cesta 10, 1000 Ljubljana<\/p>\n<p>Dav\u010dna \u0161t.: 50719459<\/p>\n<p>Mati\u010dna \u0161t: 4010604000<\/p>\n<p>TRR: SI56 6100 0001 2119 430<br \/>(Delavska hranilnica d.d. )<\/p>\n<p>[\/et_pb_text][\/et_pb_column][\/et_pb_row][\/et_pb_section]<\/p>\n","protected":false},"excerpt":{"rendered":"<p>Ste vedele_i, da lahko z delom dohodnine (do 1 %) podprete delovanje Dru\u0161tva Parada ponosa? KAJ PODPRETE Z DONACIJO,KI VAS NI\u010c NE STANE?DONIRAJ PREKO TRR Dru\u0161tvo Parada ponosa Dunajska cesta [&hellip;]<\/p>\n","protected":false},"author":12,"featured_media":0,"parent":0,"menu_order":8,"comment_status":"closed","ping_status":"closed","template":"","meta":{"_et_pb_use_builder":"on","_et_pb_old_content":"","_et_gb_content_width":"","footnotes":""},"class_list":["post-681","page","type-page","status-publish","hentry"],"yoast_head":"<!-- This site is optimized with the Yoast SEO plugin v27.2 - https:\/\/yoast.com\/product\/yoast-seo-wordpress\/ -->\n<title>Support us - Dru\u0161tvo Parada Ponosa<\/title>\n<meta name=\"robots\" content=\"index, follow, max-snippet:-1, max-image-preview:large, max-video-preview:-1\" \/>\n<link rel=\"canonical\" href=\"https:\/\/ljubljanapride.org\/en\/podpri-nas\/\" \/>\n<meta property=\"og:locale\" content=\"en_US\" \/>\n<meta property=\"og:type\" content=\"article\" \/>\n<meta property=\"og:title\" content=\"Support us - Dru\u0161tvo Parada Ponosa\" \/>\n<meta property=\"og:description\" content=\"Ste vedele_i, da lahko z delom dohodnine (do 1 %) podprete delovanje Dru\u0161tva Parada ponosa? KAJ PODPRETE Z DONACIJO,KI VAS NI\u010c NE STANE?DONIRAJ PREKO TRR Dru\u0161tvo Parada ponosa Dunajska cesta [&hellip;]\" \/>\n<meta property=\"og:url\" content=\"https:\/\/ljubljanapride.org\/en\/podpri-nas\/\" \/>\n<meta property=\"og:site_name\" content=\"Dru\u0161tvo Parada Ponosa\" \/>\n<meta property=\"article:publisher\" content=\"https:\/\/www.facebook.com\/LjubljanaPride\" \/>\n<meta property=\"article:modified_time\" content=\"2022-08-15T09:53:20+00:00\" \/>\n<meta name=\"twitter:card\" content=\"summary_large_image\" \/>\n<meta name=\"twitter:label1\" content=\"Est. reading time\" \/>\n\t<meta name=\"twitter:data1\" content=\"2 minutes\" \/>\n<script type=\"application\/ld+json\" class=\"yoast-schema-graph\">{\"@context\":\"https:\/\/schema.org\",\"@graph\":[{\"@type\":\"WebPage\",\"@id\":\"https:\/\/ljubljanapride.org\/en\/podpri-nas\/\",\"url\":\"https:\/\/ljubljanapride.org\/en\/podpri-nas\/\",\"name\":\"Support us - Dru\u0161tvo Parada Ponosa\",\"isPartOf\":{\"@id\":\"https:\/\/ljubljanapride.org\/en\/#website\"},\"datePublished\":\"2017-02-07T19:59:53+00:00\",\"dateModified\":\"2022-08-15T09:53:20+00:00\",\"breadcrumb\":{\"@id\":\"https:\/\/ljubljanapride.org\/en\/podpri-nas\/#breadcrumb\"},\"inLanguage\":\"en-US\",\"potentialAction\":[{\"@type\":\"ReadAction\",\"target\":[\"https:\/\/ljubljanapride.org\/en\/podpri-nas\/\"]}]},{\"@type\":\"BreadcrumbList\",\"@id\":\"https:\/\/ljubljanapride.org\/en\/podpri-nas\/#breadcrumb\",\"itemListElement\":[{\"@type\":\"ListItem\",\"position\":1,\"name\":\"Home\",\"item\":\"https:\/\/ljubljanapride.org\/en\/\"},{\"@type\":\"ListItem\",\"position\":2,\"name\":\"Support us\"}]},{\"@type\":\"WebSite\",\"@id\":\"https:\/\/ljubljanapride.org\/en\/#website\",\"url\":\"https:\/\/ljubljanapride.org\/en\/\",\"name\":\"Dru\u0161tvo Parada Ponosa\",\"description\":\"Ljubljana Pride\",\"potentialAction\":[{\"@type\":\"SearchAction\",\"target\":{\"@type\":\"EntryPoint\",\"urlTemplate\":\"https:\/\/ljubljanapride.org\/en\/?s={search_term_string}\"},\"query-input\":{\"@type\":\"PropertyValueSpecification\",\"valueRequired\":true,\"valueName\":\"search_term_string\"}}],\"inLanguage\":\"en-US\"}]}<\/script>\n<!-- \/ Yoast SEO plugin. -->","yoast_head_json":{"title":"Support us - Dru\u0161tvo Parada Ponosa","robots":{"index":"index","follow":"follow","max-snippet":"max-snippet:-1","max-image-preview":"max-image-preview:large","max-video-preview":"max-video-preview:-1"},"canonical":"https:\/\/ljubljanapride.org\/en\/podpri-nas\/","og_locale":"en_US","og_type":"article","og_title":"Support us - Dru\u0161tvo Parada Ponosa","og_description":"Ste vedele_i, da lahko z delom dohodnine (do 1 %) podprete delovanje Dru\u0161tva Parada ponosa? KAJ PODPRETE Z DONACIJO,KI VAS NI\u010c NE STANE?DONIRAJ PREKO TRR Dru\u0161tvo Parada ponosa Dunajska cesta [&hellip;]","og_url":"https:\/\/ljubljanapride.org\/en\/podpri-nas\/","og_site_name":"Dru\u0161tvo Parada Ponosa","article_publisher":"https:\/\/www.facebook.com\/LjubljanaPride","article_modified_time":"2022-08-15T09:53:20+00:00","twitter_card":"summary_large_image","twitter_misc":{"Est. reading time":"2 minutes"},"schema":{"@context":"https:\/\/schema.org","@graph":[{"@type":"WebPage","@id":"https:\/\/ljubljanapride.org\/en\/podpri-nas\/","url":"https:\/\/ljubljanapride.org\/en\/podpri-nas\/","name":"Support us - Dru\u0161tvo Parada Ponosa","isPartOf":{"@id":"https:\/\/ljubljanapride.org\/en\/#website"},"datePublished":"2017-02-07T19:59:53+00:00","dateModified":"2022-08-15T09:53:20+00:00","breadcrumb":{"@id":"https:\/\/ljubljanapride.org\/en\/podpri-nas\/#breadcrumb"},"inLanguage":"en-US","potentialAction":[{"@type":"ReadAction","target":["https:\/\/ljubljanapride.org\/en\/podpri-nas\/"]}]},{"@type":"BreadcrumbList","@id":"https:\/\/ljubljanapride.org\/en\/podpri-nas\/#breadcrumb","itemListElement":[{"@type":"ListItem","position":1,"name":"Home","item":"https:\/\/ljubljanapride.org\/en\/"},{"@type":"ListItem","position":2,"name":"Support us"}]},{"@type":"WebSite","@id":"https:\/\/ljubljanapride.org\/en\/#website","url":"https:\/\/ljubljanapride.org\/en\/","name":"Dru\u0161tvo Parada Ponosa","description":"Ljubljana Pride","potentialAction":[{"@type":"SearchAction","target":{"@type":"EntryPoint","urlTemplate":"https:\/\/ljubljanapride.org\/en\/?s={search_term_string}"},"query-input":{"@type":"PropertyValueSpecification","valueRequired":true,"valueName":"search_term_string"}}],"inLanguage":"en-US"}]}},"_links":{"self":[{"href":"https:\/\/ljubljanapride.org\/en\/wp-json\/wp\/v2\/pages\/681","targetHints":{"allow":["GET"]}}],"collection":[{"href":"https:\/\/ljubljanapride.org\/en\/wp-json\/wp\/v2\/pages"}],"about":[{"href":"https:\/\/ljubljanapride.org\/en\/wp-json\/wp\/v2\/types\/page"}],"author":[{"embeddable":true,"href":"https:\/\/ljubljanapride.org\/en\/wp-json\/wp\/v2\/users\/12"}],"replies":[{"embeddable":true,"href":"https:\/\/ljubljanapride.org\/en\/wp-json\/wp\/v2\/comments?post=681"}],"version-history":[{"count":0,"href":"https:\/\/ljubljanapride.org\/en\/wp-json\/wp\/v2\/pages\/681\/revisions"}],"wp:attachment":[{"href":"https:\/\/ljubljanapride.org\/en\/wp-json\/wp\/v2\/media?parent=681"}],"curies":[{"name":"wp","href":"https:\/\/api.w.org\/{rel}","templated":true}]}}